{"id":3600,"date":"2025-08-28T11:03:51","date_gmt":"2025-08-28T11:03:51","guid":{"rendered":"https:\/\/www.kubiack.com\/?page_id=3600"},"modified":"2025-08-28T11:18:07","modified_gmt":"2025-08-28T11:18:07","slug":"medical-devices","status":"publish","type":"page","link":"https:\/\/www.kubiack.com\/es\/dispositivos-medicos\/","title":{"rendered":"dispositivos m\u00e9dicos"},"content":{"rendered":"\t\t<div data-elementor-type=\"wp-page\" data-elementor-id=\"3600\" class=\"elementor elementor-3600\" data-elementor-post-type=\"page\">\n\t\t\t\t<div class=\"elementor-element elementor-element-367e4cb e-flex e-con-boxed e-con e-parent\" data-id=\"367e4cb\" data-element_type=\"container\" data-e-type=\"container\" data-settings=\"{&quot;background_background&quot;:&quot;classic&quot;}\">\n\t\t\t\t\t<div class=\"e-con-inner\">\n\t\t\t\t<div class=\"elementor-element elementor-element-b8906fd elementor-widget elementor-widget-heading\" data-id=\"b8906fd\" data-element_type=\"widget\" data-e-type=\"widget\" data-widget_type=\"heading.default\">\n\t\t\t\t\t<h2 class=\"elementor-heading-title elementor-size-default\">Industrias de dispositivos m\u00e9dicos<\/h2>\t\t\t\t<\/div>\n\t\t\t\t\t<\/div>\n\t\t\t\t<\/div>\n\t\t<div class=\"elementor-element elementor-element-da826d3 e-flex e-con-boxed e-con e-parent\" data-id=\"da826d3\" data-element_type=\"container\" data-e-type=\"container\">\n\t\t\t\t\t<div class=\"e-con-inner\">\n\t\t<div class=\"elementor-element elementor-element-d466217 e-con-full e-flex e-con e-child\" data-id=\"d466217\" data-element_type=\"container\" data-e-type=\"container\">\n\t\t\t\t<div class=\"elementor-element elementor-element-fa815b8 elementor-widget elementor-widget-heading\" data-id=\"fa815b8\" data-element_type=\"widget\" data-e-type=\"widget\" data-widget_type=\"heading.default\">\n\t\t\t\t\t<h2 class=\"elementor-heading-title elementor-size-default\">Experiencia legal en la intersecci\u00f3n de la tecnolog\u00eda, los datos y la atenci\u00f3n m\u00e9dica<\/h2>\t\t\t\t<\/div>\n\t\t\t\t<div class=\"elementor-element elementor-element-ceb97ed elementor-widget elementor-widget-text-editor\" data-id=\"ceb97ed\" data-element_type=\"widget\" data-e-type=\"widget\" data-widget_type=\"text-editor.default\">\n\t\t\t\t\t\t\t\t\t<p data-start=\"85\" data-end=\"203\">Ofrecemos asesoramiento jur\u00eddico integral en la intersecci\u00f3n de la salud, la tecnolog\u00eda y el cumplimiento normativo.<\/p><p data-start=\"205\" data-end=\"516\">Nuestra pr\u00e1ctica se centra en el Reglamento de Inteligencia Artificial de la UE, Derecho de Propiedad Intelectual, Derecho de la Competencia, Cripto &amp; Blockchain, Protecci\u00f3n de Datos y la Ley de Datos, abordando los complejos desaf\u00edos legales y regulatorios espec\u00edficos del sector de los dispositivos m\u00e9dicos.<\/p><h4 data-start=\"518\" data-end=\"570\"><strong data-start=\"518\" data-end=\"568\">Reglamento de Inteligencia Artificial de la UE<\/strong><\/h4><p data-start=\"572\" data-end=\"789\">Los dispositivos m\u00e9dicos incorporan cada vez m\u00e1s IA para diagn\u00f3stico, monitorizaci\u00f3n y orientaci\u00f3n de tratamientos, o el propio software puede considerarse un dispositivo m\u00e9dico. Asesoramos sobre el cumplimiento de:<\/p><ul data-start=\"791\" data-end=\"951\"><li data-start=\"791\" data-end=\"823\"><p data-start=\"793\" data-end=\"823\">el Reglamento de IA de la UE,<\/p><\/li><li data-start=\"824\" data-end=\"874\"><p data-start=\"826\" data-end=\"874\">el Reglamento de Dispositivos M\u00e9dicos de la UE,<\/p><\/li><li data-start=\"875\" data-end=\"951\"><p data-start=\"877\" data-end=\"951\">el Reglamento de Dispositivos M\u00e9dicos para Diagn\u00f3stico In Vitro de la UE<\/p><\/li><\/ul><p data-start=\"953\" data-end=\"1150\">Asegurando que los dispositivos impulsados por IA cumplan con los est\u00e1ndares de seguridad, transparencia y responsabilidad, al tiempo que se mitigan los riesgos regulatorios y de responsabilidad.<\/p><h4 data-start=\"1152\" data-end=\"1195\"><strong data-start=\"1152\" data-end=\"1193\">Protecci\u00f3n de Datos y la Ley de Datos<\/strong><\/h4><p data-start=\"1197\" data-end=\"1564\">Los dispositivos m\u00e9dicos a menudo procesan datos sensibles de pacientes, lo que requiere un estricto cumplimiento del RGPD y de la Ley de Datos de la UE. Asesoramos sobre el tratamiento legal de datos, transferencias internacionales de datos, ciberseguridad y gesti\u00f3n de riesgos de privacidad, garantizando el cumplimiento normativo y la confianza de los pacientes.<\/p><h4 data-start=\"1566\" data-end=\"1591\"><strong data-start=\"1566\" data-end=\"1589\">Cripto &amp; Blockchain<\/strong><\/h4><p data-start=\"1593\" data-end=\"1883\">Las tecnolog\u00edas blockchain se aplican cada vez m\u00e1s en las cadenas de suministro de dispositivos, la integridad de los datos cl\u00ednicos y registros digitales seguros. Brindamos orientaci\u00f3n sobre la implementaci\u00f3n de soluciones blockchain, cumpliendo con los requisitos regulatorios de la UE.<\/p>\t\t\t\t\t\t\t\t<\/div>\n\t\t\t\t<\/div>\n\t\t<div class=\"elementor-element elementor-element-093a004 e-con-full e-flex e-con e-child\" data-id=\"093a004\" data-element_type=\"container\" data-e-type=\"container\" data-settings=\"{&quot;background_background&quot;:&quot;classic&quot;}\">\n\t\t\t\t<div class=\"elementor-element elementor-element-b6f6e88 elementor-widget elementor-widget-heading\" data-id=\"b6f6e88\" data-element_type=\"widget\" data-e-type=\"widget\" data-widget_type=\"heading.default\">\n\t\t\t\t\t<h2 class=\"elementor-heading-title elementor-size-default\">Contact us Now!<\/h2>\t\t\t\t<\/div>\n\t\t\t\t<div class=\"elementor-element elementor-element-9d77502 elementor-button-align-stretch elementor-widget elementor-widget-form\" data-id=\"9d77502\" data-element_type=\"widget\" data-e-type=\"widget\" data-settings=\"{&quot;step_next_label&quot;:&quot;Next&quot;,&quot;step_previous_label&quot;:&quot;Previous&quot;,&quot;button_width&quot;:&quot;100&quot;,&quot;step_type&quot;:&quot;number_text&quot;,&quot;step_icon_shape&quot;:&quot;circle&quot;}\" data-widget_type=\"form.default\">\n\t\t\t\t\t\t\t<form class=\"elementor-form\" method=\"post\" name=\"Contacto\" aria-label=\"Contacto\">\n\t\t\t<input type=\"hidden\" name=\"post_id\" value=\"3600\"\/>\n\t\t\t<input type=\"hidden\" name=\"form_id\" value=\"9d77502\"\/>\n\t\t\t<input type=\"hidden\" name=\"referer_title\" value=\"dispositivos m\u00e9dicos\" \/>\n\n\t\t\t\n\t\t\t<div class=\"elementor-form-fields-wrapper elementor-labels-\">\n\t\t\t\t\t\t\t\t<div class=\"elementor-field-type-text elementor-field-group elementor-column elementor-field-group-name elementor-col-100 elementor-field-required\">\n\t\t\t\t\t\t\t\t\t\t\t\t<label for=\"form-field-name\" class=\"elementor-field-label elementor-screen-only\">\n\t\t\t\t\t\t\t\tName\t\t\t\t\t\t\t<\/label>\n\t\t\t\t\t\t\t\t\t\t\t\t\t\t<input size=\"1\" type=\"text\" name=\"form_fields[name]\" id=\"form-field-name\" class=\"elementor-field elementor-size-sm  elementor-field-textual\" placeholder=\"First &amp; Last Name\" required=\"required\">\n\t\t\t\t\t\t\t\t\t\t\t<\/div>\n\t\t\t\t\t\t\t\t<div class=\"elementor-field-type-email elementor-field-group elementor-column elementor-field-group-email elementor-col-100 elementor-field-required\">\n\t\t\t\t\t\t\t\t\t\t\t\t<label for=\"form-field-email\" class=\"elementor-field-label elementor-screen-only\">\n\t\t\t\t\t\t\t\tEmail\t\t\t\t\t\t\t<\/label>\n\t\t\t\t\t\t\t\t\t\t\t\t\t\t<input size=\"1\" type=\"email\" name=\"form_fields[email]\" id=\"form-field-email\" class=\"elementor-field elementor-size-sm  elementor-field-textual\" placeholder=\"Company Email\" required=\"required\">\n\t\t\t\t\t\t\t\t\t\t\t<\/div>\n\t\t\t\t\t\t\t\t<div class=\"elementor-field-type-text elementor-field-group elementor-column elementor-field-group-company_name elementor-col-100 elementor-field-required\">\n\t\t\t\t\t\t\t\t\t\t\t\t<label for=\"form-field-company_name\" class=\"elementor-field-label elementor-screen-only\">\n\t\t\t\t\t\t\t\tCompany Name\t\t\t\t\t\t\t<\/label>\n\t\t\t\t\t\t\t\t\t\t\t\t\t\t<input size=\"1\" type=\"text\" name=\"form_fields[company_name]\" id=\"form-field-company_name\" class=\"elementor-field elementor-size-sm  elementor-field-textual\" placeholder=\"Company Name\" required=\"required\">\n\t\t\t\t\t\t\t\t\t\t\t<\/div>\n\t\t\t\t\t\t\t\t<div class=\"elementor-field-type-number elementor-field-group elementor-column elementor-field-group-number elementor-col-100 elementor-field-required\">\n\t\t\t\t\t\t\t\t\t\t\t\t<label for=\"form-field-number\" class=\"elementor-field-label elementor-screen-only\">\n\t\t\t\t\t\t\t\tPhone Number\t\t\t\t\t\t\t<\/label>\n\t\t\t\t\t\t\t\t\t<input type=\"number\" name=\"form_fields[number]\" id=\"form-field-number\" class=\"elementor-field elementor-size-sm  elementor-field-textual\" placeholder=\"Phone Number\" required=\"required\" min=\"\" max=\"\" >\n\t\t\t\t\t\t<\/div>\n\t\t\t\t\t\t\t\t<div class=\"elementor-field-type-textarea elementor-field-group elementor-column elementor-field-group-message elementor-col-100 elementor-field-required\">\n\t\t\t\t\t\t\t\t\t\t\t\t<label for=\"form-field-message\" class=\"elementor-field-label elementor-screen-only\">\n\t\t\t\t\t\t\t\tMessage\t\t\t\t\t\t\t<\/label>\n\t\t\t\t\t\t<textarea class=\"elementor-field-textual elementor-field  elementor-size-sm\" name=\"form_fields[message]\" id=\"form-field-message\" rows=\"4\" placeholder=\"What do you need help with?\" required=\"required\"><\/textarea>\t\t\t\t<\/div>\n\t\t\t\t\t\t\t\t<div class=\"elementor-field-type-acceptance elementor-field-group elementor-column elementor-field-group-field_5db2651 elementor-col-100 elementor-field-required\">\n\t\t\t\t\t\t\t<div class=\"elementor-field-subgroup\">\n\t\t\t<span class=\"elementor-field-option\">\n\t\t\t\t<input type=\"checkbox\" name=\"form_fields[field_5db2651]\" id=\"form-field-field_5db2651\" class=\"elementor-field elementor-size-sm  elementor-acceptance-field\" required=\"required\">\n\t\t\t\t<label for=\"form-field-field_5db2651\">I agree to the use of my personal data as outlined in the <a href=\"https:\/\/www.kubiack.com\/privacy-policy\/\" target=\"_blank\" rel=\"noopener noreferrer\">Privacy Policy<\/a><\/label>\t\t\t<\/span>\n\t\t<\/div>\n\t\t\t\t\t\t<\/div>\n\t\t\t\t\t\t\t\t<div class=\"elementor-field-type-recaptcha_v3 elementor-field-group elementor-column elementor-field-group-field_a568e61 elementor-col-100 recaptcha_v3-bottomright\">\n\t\t\t\t\t<div class=\"elementor-field\" id=\"form-field-field_a568e61\"><div class=\"elementor-g-recaptcha\" data-sitekey=\"6LfKCOIqAAAAANFVBmBckoPDa_Xy7ayJaStiwx3e\" data-type=\"v3\" data-action=\"Form\" data-badge=\"bottomright\" data-size=\"invisible\"><\/div><\/div>\t\t\t\t<\/div>\n\t\t\t\t\t\t\t\t<div class=\"elementor-field-group elementor-column elementor-field-type-submit elementor-col-100 e-form__buttons\">\n\t\t\t\t\t<button class=\"elementor-button elementor-size-sm elementor-animation-shrink\" type=\"submit\">\n\t\t\t\t\t\t<span class=\"elementor-button-content-wrapper\">\n\t\t\t\t\t\t\t\t\t\t\t\t\t\t\t\t\t\t\t\t\t\t<span class=\"elementor-button-text\">Send<\/span>\n\t\t\t\t\t\t\t\t\t\t\t\t\t<\/span>\n\t\t\t\t\t<\/button>\n\t\t\t\t<\/div>\n\t\t\t<\/div>\n\t\t<\/form>\n\t\t\t\t\t\t<\/div>\n\t\t\t\t<\/div>\n\t\t\t\t\t<\/div>\n\t\t\t\t<\/div>\n\t\t<div class=\"elementor-element elementor-element-f71797a e-flex e-con-boxed e-con e-parent\" data-id=\"f71797a\" data-element_type=\"container\" data-e-type=\"container\">\n\t\t\t\t\t<div class=\"e-con-inner\">\n\t\t<div class=\"elementor-element elementor-element-2d08d4e e-con-full e-flex e-con e-child\" data-id=\"2d08d4e\" data-element_type=\"container\" data-e-type=\"container\">\n\t\t\t\t<div class=\"elementor-element elementor-element-4186c0a elementor-widget elementor-widget-wp-widget-recent-posts\" data-id=\"4186c0a\" data-element_type=\"widget\" data-e-type=\"widget\" data-widget_type=\"wp-widget-recent-posts.default\">\n\t\t\t\t<div class=\"elementor-widget-container\">\n\t\t\t\t\t\n\t\t\n\t\t<h5>Our Legal Insights Blog<\/h5><nav aria-label=\"Our Legal Insights Blog\">\n\t\t<ul>\n\t\t\t\t\t\t\t\t\t\t\t<li>\n\t\t\t\t\t<a href=\"https:\/\/www.kubiack.com\/es\/contenido-de-usuario-generado-por-ia-responsabilidad-de-las-plataformas-y-derechos-fundamentales\/\">Contenido de usuario generado por IA, responsabilidad de las plataformas y derechos fundamentales<\/a>\n\t\t\t\t\t\t\t\t\t<\/li>\n\t\t\t\t\t\t\t\t\t\t\t<li>\n\t\t\t\t\t<a href=\"https:\/\/www.kubiack.com\/es\/la-ia-generativa-llevada-a-los-tribunales-parte-3\/\">La IA generativa llevada a los tribunales - Parte 3<\/a>\n\t\t\t\t\t\t\t\t\t<\/li>\n\t\t\t\t\t\t\t\t\t\t\t<li>\n\t\t\t\t\t<a href=\"https:\/\/www.kubiack.com\/es\/enfoques-contradictorios-sobre-ia-entrenamiento-y-derecho-de-autor-gema-v-openai-alemania-frente-a-getty-images-v-stability-ai-inglaterra\/\">Enfoques contradictorios sobre IA, entrenamiento y derecho de autor: Gema v OpenAI (Alemania) frente a Getty Images v Stability AI (Inglaterra)<\/a>\n\t\t\t\t\t\t\t\t\t<\/li>\n\t\t\t\t\t\t\t\t\t\t\t<li>\n\t\t\t\t\t<a href=\"https:\/\/www.kubiack.com\/es\/la-ia-generativa-llevada-a-los-tribunales-parte-2\/\">La IA generativa llevada a los tribunales - Parte 2<\/a>\n\t\t\t\t\t\t\t\t\t<\/li>\n\t\t\t\t\t\t\t\t\t\t\t<li>\n\t\t\t\t\t<a href=\"https:\/\/www.kubiack.com\/es\/apple-la-app-store-y-el-derecho-de-la-competencia-del-reino-unido-kent-v-apple-2025-cat-67\/\">Apple, la App Store y el Derecho de la Competencia del Reino Unido: Kent v Apple [2025] CAT 67<\/a>\n\t\t\t\t\t\t\t\t\t<\/li>\n\t\t\t\t\t<\/ul>\n\n\t\t<\/nav>\t\t\t\t<\/div>\n\t\t\t\t<\/div>\n\t\t\t\t<\/div>\n\t\t<div class=\"elementor-element elementor-element-f92549a e-con-full elementor-hidden-tablet elementor-hidden-mobile e-flex e-con e-child\" data-id=\"f92549a\" data-element_type=\"container\" data-e-type=\"container\">\n\t\t\t\t<\/div>\n\t\t\t\t\t<\/div>\n\t\t\t\t<\/div>\n\t\t<div class=\"elementor-element elementor-element-fa7bb93 e-flex e-con-boxed e-con e-parent\" data-id=\"fa7bb93\" data-element_type=\"container\" data-e-type=\"container\" data-settings=\"{&quot;background_background&quot;:&quot;classic&quot;}\">\n\t\t\t\t\t<div class=\"e-con-inner\">\n\t\t\t\t\t<\/div>\n\t\t\t\t<\/div>\n\t\t\t\t<\/div>\n\t\t ","protected":false},"excerpt":{"rendered":"<p>Medical Devices Industries Legal Expertise at the Intersection of Technology, Data, and Healthcare We offer comprehensive legal counsel at the intersection of healthcare, technology, and regulatory compliance. Our practice focuses on EU Artificial Intelligence Regulation, Intellectual Property Law, Competition Law, Crypto &amp; Blockchain, Data Protection, and the Data Act, addressing the complex legal and regulatory [&hellip;]<\/p>\n","protected":false},"author":2,"featured_media":0,"parent":0,"menu_order":0,"comment_status":"closed","ping_status":"closed","template":"","meta":{"footnotes":""},"class_list":["post-3600","page","type-page","status-publish","hentry"],"yoast_head":"<!-- This site is optimized with the Yoast SEO plugin v27.3 - https:\/\/yoast.com\/product\/yoast-seo-wordpress\/ -->\n<title>dispositivos m\u00e9dicos<\/title>\n<meta name=\"robots\" content=\"index, follow, max-snippet:-1, max-image-preview:large, max-video-preview:-1\" \/>\n<meta property=\"og:locale\" content=\"es_ES\" \/>\n<meta property=\"og:type\" content=\"article\" \/>\n<meta property=\"og:title\" content=\"dispositivos m\u00e9dicos\" \/>\n<meta property=\"og:url\" content=\"https:\/\/www.kubiack.com\/es\/dispositivos-medicos\/\" \/>\n<meta property=\"og:site_name\" content=\"Kubiack Law\" \/>\n<meta property=\"article:modified_time\" content=\"2025-08-28T11:18:07+00:00\" \/>\n<meta name=\"twitter:card\" content=\"summary_large_image\" \/>\n<meta name=\"twitter:label1\" content=\"Tiempo de lectura\" \/>\n\t<meta name=\"twitter:data1\" content=\"1 minuto\" \/>\n<script type=\"application\/ld+json\" class=\"yoast-schema-graph\">{\"@context\":\"https:\\\/\\\/schema.org\",\"@graph\":[{\"@type\":\"WebPage\",\"@id\":\"https:\\\/\\\/www.kubiack.com\\\/es\\\/dispositivos-medicos\\\/\",\"url\":\"https:\\\/\\\/www.kubiack.com\\\/es\\\/dispositivos-medicos\\\/\",\"name\":\"Medical Devices - Kubiack Law\",\"isPartOf\":{\"@id\":\"https:\\\/\\\/www.kubiack.com\\\/#website\"},\"datePublished\":\"2025-08-28T11:03:51+00:00\",\"dateModified\":\"2025-08-28T11:18:07+00:00\",\"breadcrumb\":{\"@id\":\"https:\\\/\\\/www.kubiack.com\\\/es\\\/dispositivos-medicos\\\/#breadcrumb\"},\"inLanguage\":\"es\",\"potentialAction\":[{\"@type\":\"ReadAction\",\"target\":[\"https:\\\/\\\/www.kubiack.com\\\/es\\\/dispositivos-medicos\\\/\"]}]},{\"@type\":\"BreadcrumbList\",\"@id\":\"https:\\\/\\\/www.kubiack.com\\\/es\\\/dispositivos-medicos\\\/#breadcrumb\",\"itemListElement\":[{\"@type\":\"ListItem\",\"position\":1,\"name\":\"Home\",\"item\":\"https:\\\/\\\/www.kubiack.com\\\/\"},{\"@type\":\"ListItem\",\"position\":2,\"name\":\"dispositivos m\u00e9dicos\"}]},{\"@type\":\"WebSite\",\"@id\":\"https:\\\/\\\/www.kubiack.com\\\/es\\\/#website\",\"url\":\"https:\\\/\\\/www.kubiack.com\\\/es\\\/\",\"name\":\"Kubiack Law\",\"description\":\"We are guiding technology companies to launch, scale and operate lawfully across the European Single Market\",\"publisher\":{\"@id\":\"https:\\\/\\\/www.kubiack.com\\\/es\\\/#organization\"},\"potentialAction\":[{\"@type\":\"SearchAction\",\"target\":{\"@type\":\"EntryPoint\",\"urlTemplate\":\"https:\\\/\\\/www.kubiack.com\\\/es\\\/?s={search_term_string}\"},\"query-input\":{\"@type\":\"PropertyValueSpecification\",\"valueRequired\":true,\"valueName\":\"search_term_string\"}}],\"inLanguage\":\"es\"},{\"@type\":\"Organization\",\"@id\":\"https:\\\/\\\/www.kubiack.com\\\/es\\\/#organization\",\"name\":\"Kubiack Law\",\"url\":\"https:\\\/\\\/www.kubiack.com\\\/es\\\/\",\"logo\":{\"@type\":\"ImageObject\",\"inLanguage\":\"es\",\"@id\":\"https:\\\/\\\/www.kubiack.com\\\/es\\\/#\\\/schema\\\/logo\\\/image\\\/\",\"url\":\"https:\\\/\\\/www.kubiack.com\\\/wp-content\\\/uploads\\\/2025\\\/02\\\/Kubiack-Technology-legal-consulting-law-european-union-e1740494325494.png\",\"contentUrl\":\"https:\\\/\\\/www.kubiack.com\\\/wp-content\\\/uploads\\\/2025\\\/02\\\/Kubiack-Technology-legal-consulting-law-european-union-e1740494325494.png\",\"width\":291,\"height\":77,\"caption\":\"Kubiack Law\"},\"image\":{\"@id\":\"https:\\\/\\\/www.kubiack.com\\\/es\\\/#\\\/schema\\\/logo\\\/image\\\/\"},\"sameAs\":[\"https:\\\/\\\/www.linkedin.com\\\/company\\\/kubiack-law\\\/\"]}]}<\/script>\n<!-- \/ Yoast SEO plugin. -->","yoast_head_json":{"title":"dispositivos m\u00e9dicos","robots":{"index":"index","follow":"follow","max-snippet":"max-snippet:-1","max-image-preview":"max-image-preview:large","max-video-preview":"max-video-preview:-1"},"og_locale":"es_ES","og_type":"article","og_title":"dispositivos m\u00e9dicos","og_url":"https:\/\/www.kubiack.com\/es\/dispositivos-medicos\/","og_site_name":"Kubiack Law","article_modified_time":"2025-08-28T11:18:07+00:00","twitter_card":"summary_large_image","twitter_misc":{"Tiempo de lectura":"1 minuto"},"schema":{"@context":"https:\/\/schema.org","@graph":[{"@type":"WebPage","@id":"https:\/\/www.kubiack.com\/es\/dispositivos-medicos\/","url":"https:\/\/www.kubiack.com\/es\/dispositivos-medicos\/","name":"Medical Devices - Kubiack Law","isPartOf":{"@id":"https:\/\/www.kubiack.com\/#website"},"datePublished":"2025-08-28T11:03:51+00:00","dateModified":"2025-08-28T11:18:07+00:00","breadcrumb":{"@id":"https:\/\/www.kubiack.com\/es\/dispositivos-medicos\/#breadcrumb"},"inLanguage":"es","potentialAction":[{"@type":"ReadAction","target":["https:\/\/www.kubiack.com\/es\/dispositivos-medicos\/"]}]},{"@type":"BreadcrumbList","@id":"https:\/\/www.kubiack.com\/es\/dispositivos-medicos\/#breadcrumb","itemListElement":[{"@type":"ListItem","position":1,"name":"Home","item":"https:\/\/www.kubiack.com\/"},{"@type":"ListItem","position":2,"name":"dispositivos m\u00e9dicos"}]},{"@type":"WebSite","@id":"https:\/\/www.kubiack.com\/es\/#website","url":"https:\/\/www.kubiack.com\/es\/","name":"Kubiack Law","description":"We are guiding technology companies to launch, scale and operate lawfully across the European Single Market","publisher":{"@id":"https:\/\/www.kubiack.com\/es\/#organization"},"potentialAction":[{"@type":"SearchAction","target":{"@type":"EntryPoint","urlTemplate":"https:\/\/www.kubiack.com\/es\/?s={search_term_string}"},"query-input":{"@type":"PropertyValueSpecification","valueRequired":true,"valueName":"search_term_string"}}],"inLanguage":"es"},{"@type":"Organization","@id":"https:\/\/www.kubiack.com\/es\/#organization","name":"Kubiack Law","url":"https:\/\/www.kubiack.com\/es\/","logo":{"@type":"ImageObject","inLanguage":"es","@id":"https:\/\/www.kubiack.com\/es\/#\/schema\/logo\/image\/","url":"https:\/\/www.kubiack.com\/wp-content\/uploads\/2025\/02\/Kubiack-Technology-legal-consulting-law-european-union-e1740494325494.png","contentUrl":"https:\/\/www.kubiack.com\/wp-content\/uploads\/2025\/02\/Kubiack-Technology-legal-consulting-law-european-union-e1740494325494.png","width":291,"height":77,"caption":"Kubiack Law"},"image":{"@id":"https:\/\/www.kubiack.com\/es\/#\/schema\/logo\/image\/"},"sameAs":["https:\/\/www.linkedin.com\/company\/kubiack-law\/"]}]}},"_links":{"self":[{"href":"https:\/\/www.kubiack.com\/es\/wp-json\/wp\/v2\/pages\/3600","targetHints":{"allow":["GET"]}}],"collection":[{"href":"https:\/\/www.kubiack.com\/es\/wp-json\/wp\/v2\/pages"}],"about":[{"href":"https:\/\/www.kubiack.com\/es\/wp-json\/wp\/v2\/types\/page"}],"author":[{"embeddable":true,"href":"https:\/\/www.kubiack.com\/es\/wp-json\/wp\/v2\/users\/2"}],"replies":[{"embeddable":true,"href":"https:\/\/www.kubiack.com\/es\/wp-json\/wp\/v2\/comments?post=3600"}],"version-history":[{"count":24,"href":"https:\/\/www.kubiack.com\/es\/wp-json\/wp\/v2\/pages\/3600\/revisions"}],"predecessor-version":[{"id":3627,"href":"https:\/\/www.kubiack.com\/es\/wp-json\/wp\/v2\/pages\/3600\/revisions\/3627"}],"wp:attachment":[{"href":"https:\/\/www.kubiack.com\/es\/wp-json\/wp\/v2\/media?parent=3600"}],"curies":[{"name":"wp","href":"https:\/\/api.w.org\/{rel}","templated":true}]}}