{"id":3564,"date":"2025-08-28T10:01:24","date_gmt":"2025-08-28T10:01:24","guid":{"rendered":"https:\/\/www.kubiack.com\/?page_id=3564"},"modified":"2025-08-28T10:06:51","modified_gmt":"2025-08-28T10:06:51","slug":"pharma-life-sciences","status":"publish","type":"page","link":"https:\/\/www.kubiack.com\/es\/industria-farmaceutica-y-de-ciencias-biologicas\/","title":{"rendered":"Industria farmac\u00e9utica y de ciencias biol\u00f3gicas"},"content":{"rendered":"\t\t<div data-elementor-type=\"wp-page\" data-elementor-id=\"3564\" class=\"elementor elementor-3564\" data-elementor-post-type=\"page\">\n\t\t\t\t<div class=\"elementor-element elementor-element-367e4cb e-flex e-con-boxed e-con e-parent\" data-id=\"367e4cb\" data-element_type=\"container\" data-e-type=\"container\" data-settings=\"{&quot;background_background&quot;:&quot;classic&quot;}\">\n\t\t\t\t\t<div class=\"e-con-inner\">\n\t\t\t\t<div class=\"elementor-element elementor-element-b8906fd elementor-widget elementor-widget-heading\" data-id=\"b8906fd\" data-element_type=\"widget\" data-e-type=\"widget\" data-widget_type=\"heading.default\">\n\t\t\t\t\t<h2 class=\"elementor-heading-title elementor-size-default\">Pharma &amp; Life Science Industry<\/h2>\t\t\t\t<\/div>\n\t\t\t\t\t<\/div>\n\t\t\t\t<\/div>\n\t\t<div class=\"elementor-element elementor-element-da826d3 e-flex e-con-boxed e-con e-parent\" data-id=\"da826d3\" data-element_type=\"container\" data-e-type=\"container\">\n\t\t\t\t\t<div class=\"e-con-inner\">\n\t\t<div class=\"elementor-element elementor-element-d466217 e-con-full e-flex e-con e-child\" data-id=\"d466217\" data-element_type=\"container\" data-e-type=\"container\">\n\t\t\t\t<div class=\"elementor-element elementor-element-fa815b8 elementor-widget elementor-widget-heading\" data-id=\"fa815b8\" data-element_type=\"widget\" data-e-type=\"widget\" data-widget_type=\"heading.default\">\n\t\t\t\t\t<h2 class=\"elementor-heading-title elementor-size-default\">Cumplimiento normativo en un sector farmac\u00e9utico en transformaci\u00f3n<\/h2>\t\t\t\t<\/div>\n\t\t\t\t<div class=\"elementor-element elementor-element-ceb97ed elementor-widget elementor-widget-text-editor\" data-id=\"ceb97ed\" data-element_type=\"widget\" data-e-type=\"widget\" data-widget_type=\"text-editor.default\">\n\t\t\t\t\t\t\t\t\t<p>La industria farmac\u00e9utica atraviesa un cambio profundo, impulsado por la innovaci\u00f3n tecnol\u00f3gica, la creciente complejidad regulatoria y las mayores expectativas sociales. Desde la inteligencia artificial y la cadena de bloques hasta la gobernanza de datos y la seguridad del paciente, las empresas deben desenvolverse en un entorno donde el cumplimiento normativo, la innovaci\u00f3n y el acceso al mercado est\u00e1n estrechamente interrelacionados.<\/p><h4 data-start=\"523\" data-end=\"575\"><strong>Reglamento de Inteligencia Artificial de la UE<\/strong><\/h4><p data-start=\"577\" data-end=\"718\">La inteligencia artificial se utiliza cada vez m\u00e1s en el descubrimiento de f\u00e1rmacos, los ensayos cl\u00ednicos y la monitorizaci\u00f3n de pacientes.<\/p><p data-start=\"720\" data-end=\"997\">La Ley de IA de la UE introduce obligaciones relativas a la clasificaci\u00f3n de riesgos, la transparencia y la supervisi\u00f3n. Asesoramos a compa\u00f1\u00edas farmac\u00e9uticas y de ciencias de la vida sobre c\u00f3mo cumplir con estos requisitos e integrarlos en sus operaciones de manera pr\u00e1ctica.<\/p><h4 data-start=\"1004\" data-end=\"1052\"><strong>Farmacovigilancia y Cumplimiento Normativo<\/strong><\/h4><p data-start=\"1054\" data-end=\"1275\">La protecci\u00f3n de la seguridad del paciente sigue siendo una obligaci\u00f3n primordial. Apoyamos a nuestros clientes en el establecimiento y mantenimiento de sistemas de farmacovigilancia que cumplan con las normas de la UE.<\/p><p data-start=\"1277\" data-end=\"1307\">Nuestros servicios incluyen:<\/p><ul data-start=\"1309\" data-end=\"1360\"><li data-start=\"1309\" data-end=\"1335\"><p data-start=\"1311\" data-end=\"1335\">la integraci\u00f3n de IA y<\/p><\/li><li data-start=\"1336\" data-end=\"1360\"><p data-start=\"1338\" data-end=\"1360\">el an\u00e1lisis de datos<\/p><\/li><\/ul><p data-start=\"1362\" data-end=\"1559\">\u00a0<\/p><p data-start=\"1362\" data-end=\"1559\">en la <strong>detecci\u00f3n electr\u00f3nica de se\u00f1ales<\/strong>, garantizando el cumplimiento normativo incluso en casos de superposici\u00f3n y mejorando al mismo tiempo la eficacia en la detecci\u00f3n y notificaci\u00f3n de riesgos.<\/p><p data-start=\"1561\" data-end=\"1813\">Una preocupaci\u00f3n particular en este momento es que, ante la ausencia de ciertas interpretaciones jur\u00eddicas vinculantes por parte del <strong>Tribunal de Justicia de la Uni\u00f3n Europea<\/strong>, existe el riesgo de <strong>obligaciones de cumplimiento superpuestas<\/strong> derivadas de:<\/p><ul data-start=\"1815\" data-end=\"2312\"><li data-start=\"1815\" data-end=\"1892\"><p data-start=\"1817\" data-end=\"1892\"><strong>Reglamento (CE) n.\u00ba 726\/2004<\/strong> (Autorizaci\u00f3n y Supervisi\u00f3n de Medicamentos)<\/p><\/li><li data-start=\"1893\" data-end=\"1990\"><p data-start=\"1895\" data-end=\"1990\"><strong>Reglamento de Ejecuci\u00f3n (UE) n.\u00ba 520\/2012<\/strong> (Ejecuci\u00f3n de las actividades de farmacovigilancia)<\/p><\/li><li data-start=\"1991\" data-end=\"2093\"><p data-start=\"1993\" data-end=\"2093\"><strong>Reglamento de Ejecuci\u00f3n (UE) 2025\/1466<\/strong> (que modifica el Reglamento de Ejecuci\u00f3n (UE) n.\u00ba 520\/2012)<\/p><\/li><li data-start=\"2094\" data-end=\"2183\"><p data-start=\"2096\" data-end=\"2183\"><strong>Directiva 2001\/83\/CE<\/strong> (C\u00f3digo comunitario relativo a los medicamentos para uso humano)<\/p><\/li><li data-start=\"2184\" data-end=\"2249\"><p data-start=\"2186\" data-end=\"2249\"><strong>Reglamento (UE) 2017\/745<\/strong> (Reglamento de Productos Sanitarios)<\/p><\/li><li data-start=\"2250\" data-end=\"2312\"><p data-start=\"2252\" data-end=\"2312\"><strong>Reglamento (UE) 2024\/1689<\/strong> (Ley de Inteligencia Artificial)<\/p><\/li><\/ul><h4 data-start=\"2319\" data-end=\"2350\"><strong>Derecho de la Competencia<\/strong><\/h4><p data-start=\"2352\" data-end=\"2506\">En un sector caracterizado por elevadas barreras de entrada y una intensa colaboraci\u00f3n en I+D, el derecho de la competencia desempe\u00f1a un papel decisivo.<\/p><p data-start=\"2508\" data-end=\"2537\">Asesoramos en relaci\u00f3n con:<\/p><ul data-start=\"2539\" data-end=\"2784\"><li data-start=\"2539\" data-end=\"2578\"><p data-start=\"2541\" data-end=\"2578\">Riesgos derivados del art. 101 TFUE<\/p><\/li><li data-start=\"2579\" data-end=\"2618\"><p data-start=\"2581\" data-end=\"2618\">Riesgos derivados del art. 102 TFUE<\/p><\/li><li data-start=\"2619\" data-end=\"2678\"><p data-start=\"2621\" data-end=\"2678\">Consideraciones previas a concentraciones empresariales<\/p><\/li><li data-start=\"2679\" data-end=\"2714\"><p data-start=\"2681\" data-end=\"2714\">Estructuraci\u00f3n de asociaciones,<\/p><\/li><li data-start=\"2715\" data-end=\"2756\"><p data-start=\"2717\" data-end=\"2756\">Empresas conjuntas (joint ventures) y<\/p><\/li><li data-start=\"2757\" data-end=\"2784\"><p data-start=\"2759\" data-end=\"2784\">Modelos de distribuci\u00f3n<\/p><\/li><\/ul><p data-start=\"2786\" data-end=\"2904\">con el fin de reducir la exposici\u00f3n al escrutinio antitrust y, al mismo tiempo, preservar la flexibilidad comercial.<\/p>\t\t\t\t\t\t\t\t<\/div>\n\t\t\t\t<\/div>\n\t\t<div class=\"elementor-element elementor-element-093a004 e-con-full e-flex e-con e-child\" data-id=\"093a004\" data-element_type=\"container\" data-e-type=\"container\" data-settings=\"{&quot;background_background&quot;:&quot;classic&quot;}\">\n\t\t\t\t<div class=\"elementor-element elementor-element-b6f6e88 elementor-widget elementor-widget-heading\" data-id=\"b6f6e88\" data-element_type=\"widget\" data-e-type=\"widget\" data-widget_type=\"heading.default\">\n\t\t\t\t\t<h2 class=\"elementor-heading-title elementor-size-default\">Contact us Now!<\/h2>\t\t\t\t<\/div>\n\t\t\t\t<div class=\"elementor-element elementor-element-9d77502 elementor-button-align-stretch elementor-widget elementor-widget-form\" data-id=\"9d77502\" data-element_type=\"widget\" data-e-type=\"widget\" data-settings=\"{&quot;step_next_label&quot;:&quot;Next&quot;,&quot;step_previous_label&quot;:&quot;Previous&quot;,&quot;button_width&quot;:&quot;100&quot;,&quot;step_type&quot;:&quot;number_text&quot;,&quot;step_icon_shape&quot;:&quot;circle&quot;}\" data-widget_type=\"form.default\">\n\t\t\t\t\t\t\t<form class=\"elementor-form\" method=\"post\" name=\"Contacto\" aria-label=\"Contacto\">\n\t\t\t<input type=\"hidden\" name=\"post_id\" value=\"3564\"\/>\n\t\t\t<input type=\"hidden\" name=\"form_id\" value=\"9d77502\"\/>\n\t\t\t<input type=\"hidden\" name=\"referer_title\" value=\"Industria farmac\u00e9utica y de ciencias biol\u00f3gicas\" \/>\n\n\t\t\t\n\t\t\t<div class=\"elementor-form-fields-wrapper elementor-labels-\">\n\t\t\t\t\t\t\t\t<div class=\"elementor-field-type-text elementor-field-group elementor-column elementor-field-group-name elementor-col-100 elementor-field-required\">\n\t\t\t\t\t\t\t\t\t\t\t\t<label for=\"form-field-name\" class=\"elementor-field-label elementor-screen-only\">\n\t\t\t\t\t\t\t\tName\t\t\t\t\t\t\t<\/label>\n\t\t\t\t\t\t\t\t\t\t\t\t\t\t<input size=\"1\" type=\"text\" name=\"form_fields[name]\" id=\"form-field-name\" class=\"elementor-field elementor-size-sm  elementor-field-textual\" placeholder=\"First &amp; Last Name\" required=\"required\">\n\t\t\t\t\t\t\t\t\t\t\t<\/div>\n\t\t\t\t\t\t\t\t<div class=\"elementor-field-type-email elementor-field-group elementor-column elementor-field-group-email elementor-col-100 elementor-field-required\">\n\t\t\t\t\t\t\t\t\t\t\t\t<label for=\"form-field-email\" class=\"elementor-field-label elementor-screen-only\">\n\t\t\t\t\t\t\t\tEmail\t\t\t\t\t\t\t<\/label>\n\t\t\t\t\t\t\t\t\t\t\t\t\t\t<input size=\"1\" type=\"email\" name=\"form_fields[email]\" id=\"form-field-email\" class=\"elementor-field elementor-size-sm  elementor-field-textual\" placeholder=\"Company Email\" required=\"required\">\n\t\t\t\t\t\t\t\t\t\t\t<\/div>\n\t\t\t\t\t\t\t\t<div class=\"elementor-field-type-text elementor-field-group elementor-column elementor-field-group-company_name elementor-col-100 elementor-field-required\">\n\t\t\t\t\t\t\t\t\t\t\t\t<label for=\"form-field-company_name\" class=\"elementor-field-label elementor-screen-only\">\n\t\t\t\t\t\t\t\tCompany Name\t\t\t\t\t\t\t<\/label>\n\t\t\t\t\t\t\t\t\t\t\t\t\t\t<input size=\"1\" type=\"text\" name=\"form_fields[company_name]\" id=\"form-field-company_name\" class=\"elementor-field elementor-size-sm  elementor-field-textual\" placeholder=\"Company Name\" required=\"required\">\n\t\t\t\t\t\t\t\t\t\t\t<\/div>\n\t\t\t\t\t\t\t\t<div class=\"elementor-field-type-number elementor-field-group elementor-column elementor-field-group-number elementor-col-100 elementor-field-required\">\n\t\t\t\t\t\t\t\t\t\t\t\t<label for=\"form-field-number\" class=\"elementor-field-label elementor-screen-only\">\n\t\t\t\t\t\t\t\tPhone Number\t\t\t\t\t\t\t<\/label>\n\t\t\t\t\t\t\t\t\t<input type=\"number\" name=\"form_fields[number]\" id=\"form-field-number\" class=\"elementor-field elementor-size-sm  elementor-field-textual\" placeholder=\"Phone Number\" required=\"required\" min=\"\" max=\"\" >\n\t\t\t\t\t\t<\/div>\n\t\t\t\t\t\t\t\t<div class=\"elementor-field-type-textarea elementor-field-group elementor-column elementor-field-group-message elementor-col-100 elementor-field-required\">\n\t\t\t\t\t\t\t\t\t\t\t\t<label for=\"form-field-message\" class=\"elementor-field-label elementor-screen-only\">\n\t\t\t\t\t\t\t\tMessage\t\t\t\t\t\t\t<\/label>\n\t\t\t\t\t\t<textarea class=\"elementor-field-textual elementor-field  elementor-size-sm\" name=\"form_fields[message]\" id=\"form-field-message\" rows=\"4\" placeholder=\"What do you need help with?\" required=\"required\"><\/textarea>\t\t\t\t<\/div>\n\t\t\t\t\t\t\t\t<div class=\"elementor-field-type-acceptance elementor-field-group elementor-column elementor-field-group-field_5db2651 elementor-col-100 elementor-field-required\">\n\t\t\t\t\t\t\t<div class=\"elementor-field-subgroup\">\n\t\t\t<span class=\"elementor-field-option\">\n\t\t\t\t<input type=\"checkbox\" name=\"form_fields[field_5db2651]\" id=\"form-field-field_5db2651\" class=\"elementor-field elementor-size-sm  elementor-acceptance-field\" required=\"required\">\n\t\t\t\t<label for=\"form-field-field_5db2651\">I agree to the use of my personal data as outlined in the <a href=\"https:\/\/www.kubiack.com\/privacy-policy\/\" target=\"_blank\" rel=\"noopener noreferrer\">Privacy Policy<\/a><\/label>\t\t\t<\/span>\n\t\t<\/div>\n\t\t\t\t\t\t<\/div>\n\t\t\t\t\t\t\t\t<div class=\"elementor-field-type-recaptcha_v3 elementor-field-group elementor-column elementor-field-group-field_a568e61 elementor-col-100 recaptcha_v3-bottomright\">\n\t\t\t\t\t<div class=\"elementor-field\" id=\"form-field-field_a568e61\"><div class=\"elementor-g-recaptcha\" data-sitekey=\"6LfKCOIqAAAAANFVBmBckoPDa_Xy7ayJaStiwx3e\" data-type=\"v3\" data-action=\"Form\" data-badge=\"bottomright\" data-size=\"invisible\"><\/div><\/div>\t\t\t\t<\/div>\n\t\t\t\t\t\t\t\t<div class=\"elementor-field-group elementor-column elementor-field-type-submit elementor-col-100 e-form__buttons\">\n\t\t\t\t\t<button class=\"elementor-button elementor-size-sm elementor-animation-shrink\" type=\"submit\">\n\t\t\t\t\t\t<span class=\"elementor-button-content-wrapper\">\n\t\t\t\t\t\t\t\t\t\t\t\t\t\t\t\t\t\t\t\t\t\t<span class=\"elementor-button-text\">Send<\/span>\n\t\t\t\t\t\t\t\t\t\t\t\t\t<\/span>\n\t\t\t\t\t<\/button>\n\t\t\t\t<\/div>\n\t\t\t<\/div>\n\t\t<\/form>\n\t\t\t\t\t\t<\/div>\n\t\t\t\t<\/div>\n\t\t\t\t\t<\/div>\n\t\t\t\t<\/div>\n\t\t<div class=\"elementor-element elementor-element-f71797a e-flex e-con-boxed e-con e-parent\" data-id=\"f71797a\" data-element_type=\"container\" data-e-type=\"container\">\n\t\t\t\t\t<div class=\"e-con-inner\">\n\t\t<div class=\"elementor-element elementor-element-2d08d4e e-con-full e-flex e-con e-child\" data-id=\"2d08d4e\" data-element_type=\"container\" data-e-type=\"container\">\n\t\t\t\t<div class=\"elementor-element elementor-element-b9f92e1 elementor-widget elementor-widget-text-editor\" data-id=\"b9f92e1\" data-element_type=\"widget\" data-e-type=\"widget\" data-widget_type=\"text-editor.default\">\n\t\t\t\t\t\t\t\t\t<h4 data-start=\"56\" data-end=\"104\"><strong>Protecci\u00f3n de Datos y Cumplimiento Digital<\/strong><\/h4><p data-start=\"106\" data-end=\"328\">Las compa\u00f1\u00edas farmac\u00e9uticas dependen cada vez m\u00e1s de software de cumplimiento para gestionar informaci\u00f3n sensible, en particular los datos personales contenidos en los <strong>Informes Individuales de Seguridad de Casos<\/strong> (ICSRs).<\/p><p data-start=\"330\" data-end=\"702\">En virtud del RGPD, se aplican obligaciones estrictas a la recogida, el tratamiento, el almacenamiento y la transferencia de dichos datos, incluidas las categor\u00edas especiales de informaci\u00f3n sanitaria. Esto resulta especialmente relevante cuando los datos de seguridad se gestionan mediante plataformas automatizadas o se transfieren a trav\u00e9s de distintas jurisdicciones.<\/p><p data-start=\"704\" data-end=\"972\">Asesoramos en el <strong>dise\u00f1o<\/strong> y la operaci\u00f3n de <strong>sistemas de farmacovigilancia y cumplimiento<\/strong> conformes al RGPD, abordando cuestiones como la base legal para el tratamiento, la minimizaci\u00f3n de datos, la conservaci\u00f3n, las medidas de seguridad y los acuerdos con proveedores.<\/p><p data-start=\"974\" data-end=\"1199\">Cuando se utiliza <strong>inteligencia artificial<\/strong> para <strong>apoyar la farmacovigilancia o la detecci\u00f3n de riesgos<\/strong>, tratamos conjuntamente el RGPD y la Ley de IA de la UE, garantizando transparencia, responsabilidad y supervisi\u00f3n humana.<\/p><h4 data-start=\"1206\" data-end=\"1242\"><strong>Blockchain y Activos Digitales<\/strong><\/h4><p data-start=\"1244\" data-end=\"1682\">La tecnolog\u00eda blockchain se aplica cada vez m\u00e1s para reforzar la integridad de las cadenas de suministro, garantizar la transparencia de los ensayos cl\u00ednicos y mejorar la trazabilidad de los datos. Asesoramos sobre las implicaciones jur\u00eddicas de las soluciones basadas en blockchain, incluidos los contratos inteligentes y la tokenizaci\u00f3n, asegurando que la innovaci\u00f3n en este \u00e1mbito se implemente dentro de marcos regulatorios s\u00f3lidos.<\/p>\t\t\t\t\t\t\t\t<\/div>\n\t\t\t\t<\/div>\n\t\t<div class=\"elementor-element elementor-element-f92549a e-con-full elementor-hidden-tablet elementor-hidden-mobile e-flex e-con e-child\" data-id=\"f92549a\" data-element_type=\"container\" data-e-type=\"container\">\n\t\t\t\t<div class=\"elementor-element elementor-element-4186c0a elementor-widget elementor-widget-wp-widget-recent-posts\" data-id=\"4186c0a\" data-element_type=\"widget\" data-e-type=\"widget\" data-widget_type=\"wp-widget-recent-posts.default\">\n\t\t\t\t<div class=\"elementor-widget-container\">\n\t\t\t\t\t\n\t\t\n\t\t<h5>Our Legal Insights Blog<\/h5><nav aria-label=\"Our Legal Insights Blog\">\n\t\t<ul>\n\t\t\t\t\t\t\t\t\t\t\t<li>\n\t\t\t\t\t<a href=\"https:\/\/www.kubiack.com\/es\/contenido-de-usuario-generado-por-ia-responsabilidad-de-las-plataformas-y-derechos-fundamentales\/\">Contenido de usuario generado por IA, responsabilidad de las plataformas y derechos fundamentales<\/a>\n\t\t\t\t\t\t\t\t\t<\/li>\n\t\t\t\t\t\t\t\t\t\t\t<li>\n\t\t\t\t\t<a href=\"https:\/\/www.kubiack.com\/es\/la-ia-generativa-llevada-a-los-tribunales-parte-3\/\">La IA generativa llevada a los tribunales - Parte 3<\/a>\n\t\t\t\t\t\t\t\t\t<\/li>\n\t\t\t\t\t\t\t\t\t\t\t<li>\n\t\t\t\t\t<a href=\"https:\/\/www.kubiack.com\/es\/enfoques-contradictorios-sobre-ia-entrenamiento-y-derecho-de-autor-gema-v-openai-alemania-frente-a-getty-images-v-stability-ai-inglaterra\/\">Enfoques contradictorios sobre IA, entrenamiento y derecho de autor: Gema v OpenAI (Alemania) frente a Getty Images v Stability AI (Inglaterra)<\/a>\n\t\t\t\t\t\t\t\t\t<\/li>\n\t\t\t\t\t\t\t\t\t\t\t<li>\n\t\t\t\t\t<a href=\"https:\/\/www.kubiack.com\/es\/la-ia-generativa-llevada-a-los-tribunales-parte-2\/\">La IA generativa llevada a los tribunales - Parte 2<\/a>\n\t\t\t\t\t\t\t\t\t<\/li>\n\t\t\t\t\t\t\t\t\t\t\t<li>\n\t\t\t\t\t<a href=\"https:\/\/www.kubiack.com\/es\/apple-la-app-store-y-el-derecho-de-la-competencia-del-reino-unido-kent-v-apple-2025-cat-67\/\">Apple, la App Store y el Derecho de la Competencia del Reino Unido: Kent v Apple [2025] CAT 67<\/a>\n\t\t\t\t\t\t\t\t\t<\/li>\n\t\t\t\t\t<\/ul>\n\n\t\t<\/nav>\t\t\t\t<\/div>\n\t\t\t\t<\/div>\n\t\t\t\t<\/div>\n\t\t\t\t\t<\/div>\n\t\t\t\t<\/div>\n\t\t<div class=\"elementor-element elementor-element-fa7bb93 e-flex e-con-boxed e-con e-parent\" data-id=\"fa7bb93\" data-element_type=\"container\" data-e-type=\"container\" data-settings=\"{&quot;background_background&quot;:&quot;classic&quot;}\">\n\t\t\t\t\t<div class=\"e-con-inner\">\n\t\t\t\t\t<\/div>\n\t\t\t\t<\/div>\n\t\t\t\t<\/div>\n\t\t ","protected":false},"excerpt":{"rendered":"<p>Pharma &amp; Life Science Industry Compliance in a Transforming Pharmaceutical Sector The pharmaceutical industry is undergoing profound change, driven by technological innovation, increasing regulatory complexity, and heightened societal expectations. From artificial intelligence and blockchain to data governance and patient safety, companies must navigate a landscape where compliance, innovation, and market access are closely intertwined. EU [&hellip;]<\/p>\n","protected":false},"author":2,"featured_media":0,"parent":0,"menu_order":0,"comment_status":"closed","ping_status":"closed","template":"","meta":{"footnotes":""},"class_list":["post-3564","page","type-page","status-publish","hentry"],"yoast_head":"<!-- This site is optimized with the Yoast SEO plugin v27.3 - https:\/\/yoast.com\/product\/yoast-seo-wordpress\/ -->\n<title>Industria farmac\u00e9utica y de ciencias biol\u00f3gicas<\/title>\n<meta name=\"robots\" content=\"index, follow, max-snippet:-1, max-image-preview:large, max-video-preview:-1\" \/>\n<meta property=\"og:locale\" content=\"es_ES\" \/>\n<meta property=\"og:type\" content=\"article\" \/>\n<meta property=\"og:title\" content=\"Industria farmac\u00e9utica y de ciencias biol\u00f3gicas\" \/>\n<meta property=\"og:url\" content=\"https:\/\/www.kubiack.com\/es\/industria-farmaceutica-y-de-ciencias-biologicas\/\" \/>\n<meta property=\"og:site_name\" content=\"Kubiack Law\" \/>\n<meta property=\"article:modified_time\" content=\"2025-08-28T10:06:51+00:00\" \/>\n<meta name=\"twitter:card\" content=\"summary_large_image\" \/>\n<meta name=\"twitter:label1\" content=\"Tiempo de lectura\" \/>\n\t<meta name=\"twitter:data1\" content=\"1 minuto\" \/>\n<script type=\"application\/ld+json\" class=\"yoast-schema-graph\">{\"@context\":\"https:\\\/\\\/schema.org\",\"@graph\":[{\"@type\":\"WebPage\",\"@id\":\"https:\\\/\\\/www.kubiack.com\\\/es\\\/industria-farmaceutica-y-de-ciencias-biologicas\\\/\",\"url\":\"https:\\\/\\\/www.kubiack.com\\\/es\\\/industria-farmaceutica-y-de-ciencias-biologicas\\\/\",\"name\":\"Pharma & Life Sciences - Kubiack Law\",\"isPartOf\":{\"@id\":\"https:\\\/\\\/www.kubiack.com\\\/#website\"},\"datePublished\":\"2025-08-28T10:01:24+00:00\",\"dateModified\":\"2025-08-28T10:06:51+00:00\",\"breadcrumb\":{\"@id\":\"https:\\\/\\\/www.kubiack.com\\\/es\\\/industria-farmaceutica-y-de-ciencias-biologicas\\\/#breadcrumb\"},\"inLanguage\":\"es\",\"potentialAction\":[{\"@type\":\"ReadAction\",\"target\":[\"https:\\\/\\\/www.kubiack.com\\\/es\\\/industria-farmaceutica-y-de-ciencias-biologicas\\\/\"]}]},{\"@type\":\"BreadcrumbList\",\"@id\":\"https:\\\/\\\/www.kubiack.com\\\/es\\\/industria-farmaceutica-y-de-ciencias-biologicas\\\/#breadcrumb\",\"itemListElement\":[{\"@type\":\"ListItem\",\"position\":1,\"name\":\"Home\",\"item\":\"https:\\\/\\\/www.kubiack.com\\\/\"},{\"@type\":\"ListItem\",\"position\":2,\"name\":\"Industria farmac\u00e9utica y de ciencias biol\u00f3gicas\"}]},{\"@type\":\"WebSite\",\"@id\":\"https:\\\/\\\/www.kubiack.com\\\/es\\\/#website\",\"url\":\"https:\\\/\\\/www.kubiack.com\\\/es\\\/\",\"name\":\"Kubiack Law\",\"description\":\"We are guiding technology companies to launch, scale and operate lawfully across the European Single Market\",\"publisher\":{\"@id\":\"https:\\\/\\\/www.kubiack.com\\\/es\\\/#organization\"},\"potentialAction\":[{\"@type\":\"SearchAction\",\"target\":{\"@type\":\"EntryPoint\",\"urlTemplate\":\"https:\\\/\\\/www.kubiack.com\\\/es\\\/?s={search_term_string}\"},\"query-input\":{\"@type\":\"PropertyValueSpecification\",\"valueRequired\":true,\"valueName\":\"search_term_string\"}}],\"inLanguage\":\"es\"},{\"@type\":\"Organization\",\"@id\":\"https:\\\/\\\/www.kubiack.com\\\/es\\\/#organization\",\"name\":\"Kubiack Law\",\"url\":\"https:\\\/\\\/www.kubiack.com\\\/es\\\/\",\"logo\":{\"@type\":\"ImageObject\",\"inLanguage\":\"es\",\"@id\":\"https:\\\/\\\/www.kubiack.com\\\/es\\\/#\\\/schema\\\/logo\\\/image\\\/\",\"url\":\"https:\\\/\\\/www.kubiack.com\\\/wp-content\\\/uploads\\\/2025\\\/02\\\/Kubiack-Technology-legal-consulting-law-european-union-e1740494325494.png\",\"contentUrl\":\"https:\\\/\\\/www.kubiack.com\\\/wp-content\\\/uploads\\\/2025\\\/02\\\/Kubiack-Technology-legal-consulting-law-european-union-e1740494325494.png\",\"width\":291,\"height\":77,\"caption\":\"Kubiack Law\"},\"image\":{\"@id\":\"https:\\\/\\\/www.kubiack.com\\\/es\\\/#\\\/schema\\\/logo\\\/image\\\/\"},\"sameAs\":[\"https:\\\/\\\/www.linkedin.com\\\/company\\\/kubiack-law\\\/\"]}]}<\/script>\n<!-- \/ Yoast SEO plugin. -->","yoast_head_json":{"title":"Industria farmac\u00e9utica y de ciencias biol\u00f3gicas","robots":{"index":"index","follow":"follow","max-snippet":"max-snippet:-1","max-image-preview":"max-image-preview:large","max-video-preview":"max-video-preview:-1"},"og_locale":"es_ES","og_type":"article","og_title":"Industria farmac\u00e9utica y de ciencias biol\u00f3gicas","og_url":"https:\/\/www.kubiack.com\/es\/industria-farmaceutica-y-de-ciencias-biologicas\/","og_site_name":"Kubiack Law","article_modified_time":"2025-08-28T10:06:51+00:00","twitter_card":"summary_large_image","twitter_misc":{"Tiempo de lectura":"1 minuto"},"schema":{"@context":"https:\/\/schema.org","@graph":[{"@type":"WebPage","@id":"https:\/\/www.kubiack.com\/es\/industria-farmaceutica-y-de-ciencias-biologicas\/","url":"https:\/\/www.kubiack.com\/es\/industria-farmaceutica-y-de-ciencias-biologicas\/","name":"Pharma & Life Sciences - Kubiack Law","isPartOf":{"@id":"https:\/\/www.kubiack.com\/#website"},"datePublished":"2025-08-28T10:01:24+00:00","dateModified":"2025-08-28T10:06:51+00:00","breadcrumb":{"@id":"https:\/\/www.kubiack.com\/es\/industria-farmaceutica-y-de-ciencias-biologicas\/#breadcrumb"},"inLanguage":"es","potentialAction":[{"@type":"ReadAction","target":["https:\/\/www.kubiack.com\/es\/industria-farmaceutica-y-de-ciencias-biologicas\/"]}]},{"@type":"BreadcrumbList","@id":"https:\/\/www.kubiack.com\/es\/industria-farmaceutica-y-de-ciencias-biologicas\/#breadcrumb","itemListElement":[{"@type":"ListItem","position":1,"name":"Home","item":"https:\/\/www.kubiack.com\/"},{"@type":"ListItem","position":2,"name":"Industria farmac\u00e9utica y de ciencias biol\u00f3gicas"}]},{"@type":"WebSite","@id":"https:\/\/www.kubiack.com\/es\/#website","url":"https:\/\/www.kubiack.com\/es\/","name":"Kubiack Law","description":"We are guiding technology companies to launch, scale and operate lawfully across the European Single Market","publisher":{"@id":"https:\/\/www.kubiack.com\/es\/#organization"},"potentialAction":[{"@type":"SearchAction","target":{"@type":"EntryPoint","urlTemplate":"https:\/\/www.kubiack.com\/es\/?s={search_term_string}"},"query-input":{"@type":"PropertyValueSpecification","valueRequired":true,"valueName":"search_term_string"}}],"inLanguage":"es"},{"@type":"Organization","@id":"https:\/\/www.kubiack.com\/es\/#organization","name":"Kubiack Law","url":"https:\/\/www.kubiack.com\/es\/","logo":{"@type":"ImageObject","inLanguage":"es","@id":"https:\/\/www.kubiack.com\/es\/#\/schema\/logo\/image\/","url":"https:\/\/www.kubiack.com\/wp-content\/uploads\/2025\/02\/Kubiack-Technology-legal-consulting-law-european-union-e1740494325494.png","contentUrl":"https:\/\/www.kubiack.com\/wp-content\/uploads\/2025\/02\/Kubiack-Technology-legal-consulting-law-european-union-e1740494325494.png","width":291,"height":77,"caption":"Kubiack Law"},"image":{"@id":"https:\/\/www.kubiack.com\/es\/#\/schema\/logo\/image\/"},"sameAs":["https:\/\/www.linkedin.com\/company\/kubiack-law\/"]}]}},"_links":{"self":[{"href":"https:\/\/www.kubiack.com\/es\/wp-json\/wp\/v2\/pages\/3564","targetHints":{"allow":["GET"]}}],"collection":[{"href":"https:\/\/www.kubiack.com\/es\/wp-json\/wp\/v2\/pages"}],"about":[{"href":"https:\/\/www.kubiack.com\/es\/wp-json\/wp\/v2\/types\/page"}],"author":[{"embeddable":true,"href":"https:\/\/www.kubiack.com\/es\/wp-json\/wp\/v2\/users\/2"}],"replies":[{"embeddable":true,"href":"https:\/\/www.kubiack.com\/es\/wp-json\/wp\/v2\/comments?post=3564"}],"version-history":[{"count":30,"href":"https:\/\/www.kubiack.com\/es\/wp-json\/wp\/v2\/pages\/3564\/revisions"}],"predecessor-version":[{"id":3596,"href":"https:\/\/www.kubiack.com\/es\/wp-json\/wp\/v2\/pages\/3564\/revisions\/3596"}],"wp:attachment":[{"href":"https:\/\/www.kubiack.com\/es\/wp-json\/wp\/v2\/media?parent=3564"}],"curies":[{"name":"wp","href":"https:\/\/api.w.org\/{rel}","templated":true}]}}