{"id":3394,"date":"2025-08-26T15:04:12","date_gmt":"2025-08-26T15:04:12","guid":{"rendered":"https:\/\/www.kubiack.com\/?page_id=3394"},"modified":"2025-08-28T11:22:28","modified_gmt":"2025-08-28T11:22:28","slug":"legal-radar","status":"publish","type":"page","link":"https:\/\/www.kubiack.com\/es\/legal-radar-monitoreo-juridico-y-de-riesgos-en-la-ue\/","title":{"rendered":"Legal Radar: Monitoreo Jur\u00eddico y de Riesgos en la UE"},"content":{"rendered":"\t\t<div data-elementor-type=\"wp-page\" data-elementor-id=\"3394\" class=\"elementor elementor-3394\" data-elementor-post-type=\"page\">\n\t\t\t\t<div class=\"elementor-element elementor-element-367e4cb e-flex e-con-boxed e-con e-parent\" data-id=\"367e4cb\" data-element_type=\"container\" data-e-type=\"container\" data-settings=\"{&quot;background_background&quot;:&quot;classic&quot;}\">\n\t\t\t\t\t<div class=\"e-con-inner\">\n\t\t\t\t<div class=\"elementor-element elementor-element-b8906fd elementor-widget elementor-widget-heading\" data-id=\"b8906fd\" data-element_type=\"widget\" data-e-type=\"widget\" data-widget_type=\"heading.default\">\n\t\t\t\t\t<h2 class=\"elementor-heading-title elementor-size-default\">Legal Radar: Monitoreo de Riesgos Legales y de Cumplimiento en la UE<\/h2>\t\t\t\t<\/div>\n\t\t\t\t\t<\/div>\n\t\t\t\t<\/div>\n\t\t<div class=\"elementor-element elementor-element-da826d3 e-flex e-con-boxed e-con e-parent\" data-id=\"da826d3\" data-element_type=\"container\" data-e-type=\"container\">\n\t\t\t\t\t<div class=\"e-con-inner\">\n\t\t<div class=\"elementor-element elementor-element-d466217 e-con-full e-flex e-con e-child\" data-id=\"d466217\" data-element_type=\"container\" data-e-type=\"container\">\n\t\t\t\t<div class=\"elementor-element elementor-element-fa815b8 elementor-widget elementor-widget-heading\" data-id=\"fa815b8\" data-element_type=\"widget\" data-e-type=\"widget\" data-widget_type=\"heading.default\">\n\t\t\t\t\t<h2 class=\"elementor-heading-title elementor-size-default\">Legal Radar: Monitoreo Jur\u00eddico y de Riesgos en la UE<\/h2>\t\t\t\t<\/div>\n\t\t\t\t<div class=\"elementor-element elementor-element-ceb97ed elementor-widget elementor-widget-text-editor\" data-id=\"ceb97ed\" data-element_type=\"widget\" data-e-type=\"widget\" data-widget_type=\"text-editor.default\">\n\t\t\t\t\t\t\t\t\t<p data-start=\"175\" data-end=\"712\">El marco legal que regula la tecnolog\u00eda y los mercados digitales en la Uni\u00f3n Europea evoluciona a gran velocidad. Nuevas leyes, directrices regulatorias y resoluciones judiciales se introducen con creciente frecuencia, y cada una de ellas puede afectar de forma directa a las operaciones de su negocio y a sus obligaciones de cumplimiento. En este entorno din\u00e1mico, contar con un sistema de seguimiento riguroso de los desarrollos jur\u00eddicos y normativos de la UE es esencial.<\/p><p data-start=\"714\" data-end=\"963\"><strong data-start=\"714\" data-end=\"729\">Legal Radar<\/strong> es nuestro servicio de suscripci\u00f3n para el monitoreo legal. Le ofrecemos informaci\u00f3n actualizada, pr\u00e1ctica y accionable que le permitir\u00e1 reducir riesgos legales y comerciales, y garantizar el cumplimiento normativo en todo momento.<\/p><h4 data-start=\"965\" data-end=\"984\"><strong>Lo que obtendr\u00e1<\/strong><\/h4><ol><li data-start=\"985\" data-end=\"1097\"><strong data-start=\"985\" data-end=\"1029\">Bolet\u00edn quincenal por correo electr\u00f3nico.<\/strong><br data-start=\"1029\" data-end=\"1032\" \/>Actualizaciones claras y concisas sobre los \u00faltimos cambios en:<ul><li data-start=\"1098\" data-end=\"1125\"><p data-start=\"1100\" data-end=\"1125\"><strong>Inteligencia Artificial<\/strong><\/p><\/li><li data-start=\"1098\" data-end=\"1125\"><p data-start=\"1100\" data-end=\"1125\"><strong>Propiedad Intelectual<\/strong><\/p><\/li><li data-start=\"1098\" data-end=\"1125\"><p data-start=\"1100\" data-end=\"1125\"><strong>Derecho de la Competencia<\/strong><\/p><\/li><li data-start=\"1098\" data-end=\"1125\"><p data-start=\"1100\" data-end=\"1125\"><strong>Protecci\u00f3n de Datos<\/strong><\/p><\/li><li data-start=\"1098\" data-end=\"1125\"><p data-start=\"1100\" data-end=\"1125\"><strong>Cripto &amp; Blockchain<\/strong><\/p><\/li><li data-start=\"1098\" data-end=\"1125\"><p data-start=\"1100\" data-end=\"1125\"><strong>Regulaci\u00f3n general de mercados digitales<\/strong><\/p><\/li><\/ul><\/li><li data-start=\"985\" data-end=\"1097\"><p data-start=\"1276\" data-end=\"1350\"><strong data-start=\"1276\" data-end=\"1296\">Alertas cr\u00edticas:<br \/><\/strong>Notificaciones inmediatas sobre cambios urgentes.<\/p><\/li><li data-start=\"985\" data-end=\"1097\"><p data-start=\"1276\" data-end=\"1350\"><strong data-start=\"1352\" data-end=\"1381\">Recomendaciones pr\u00e1cticas:<br \/><\/strong>Comentarios breves y \u00fatiles sobre c\u00f3mo puede afectar cada novedad a su negocio.<\/p><\/li><\/ol><h4 data-start=\"1467\" data-end=\"1499\"><strong>\u00bfPor qu\u00e9 elegir Legal Radar?<\/strong><\/h4><ul><li style=\"list-style-type: none;\"><ul data-start=\"1500\" data-end=\"1952\"><li data-start=\"1500\" data-end=\"1596\"><p data-start=\"1502\" data-end=\"1596\"><strong data-start=\"1502\" data-end=\"1530\">Cumpla con la normativa:<\/strong> Mant\u00e9ngase al d\u00eda de reglas y regulaciones en constante cambio.<\/p><\/li><li data-start=\"1597\" data-end=\"1711\"><p data-start=\"1599\" data-end=\"1711\"><strong data-start=\"1599\" data-end=\"1617\">Ahorre tiempo:<\/strong> Reciba res\u00famenes claros de cambios legales complejos sin tener que leer cientos de p\u00e1ginas.<\/p><\/li><li data-start=\"1712\" data-end=\"1826\"><p data-start=\"1714\" data-end=\"1826\"><strong data-start=\"1714\" data-end=\"1734\">Reduzca riesgos:<\/strong> Antic\u00edpese a las novedades legales y de cumplimiento antes de que impacten en su empresa.<\/p><\/li><li data-start=\"1827\" data-end=\"1952\"><p data-start=\"1829\" data-end=\"1952\"><strong data-start=\"1829\" data-end=\"1849\">Opini\u00f3n experta:<\/strong> Explicaciones breves y pr\u00e1cticas sobre lo que significan nuevas normas o sentencias para su negocio.<\/p><\/li><\/ul><\/li><\/ul><ul><li style=\"list-style-type: none;\">\u00a0<\/li><\/ul><p data-start=\"2174\" data-end=\"2289\"><strong data-start=\"2174\" data-end=\"2287\">Legal Radar \u2013 <\/strong>el derecho a su alcance, para que pueda centrarse en innovar sin perder de vista lo importante.<\/p><p data-start=\"2291\" data-end=\"2413\"><strong><a href=\"https:\/\/www.kubiack.com\/es\/contacto\/\">Cont\u00e1ctenos<\/a><\/strong> hoy mismo y le ayudaremos a encontrar la modalidad de monitoreo legal que mejor se adapte a sus necesidades.<\/p>\t\t\t\t\t\t\t\t<\/div>\n\t\t\t\t<\/div>\n\t\t<div class=\"elementor-element elementor-element-093a004 e-con-full e-flex e-con e-child\" data-id=\"093a004\" data-element_type=\"container\" data-e-type=\"container\" data-settings=\"{&quot;background_background&quot;:&quot;classic&quot;}\">\n\t\t\t\t<div class=\"elementor-element elementor-element-b6f6e88 elementor-widget elementor-widget-heading\" data-id=\"b6f6e88\" data-element_type=\"widget\" data-e-type=\"widget\" data-widget_type=\"heading.default\">\n\t\t\t\t\t<h2 class=\"elementor-heading-title elementor-size-default\">Contact us Now!<\/h2>\t\t\t\t<\/div>\n\t\t\t\t<div class=\"elementor-element elementor-element-9d77502 elementor-button-align-stretch elementor-widget elementor-widget-form\" data-id=\"9d77502\" data-element_type=\"widget\" data-e-type=\"widget\" data-settings=\"{&quot;step_next_label&quot;:&quot;Next&quot;,&quot;step_previous_label&quot;:&quot;Previous&quot;,&quot;button_width&quot;:&quot;100&quot;,&quot;step_type&quot;:&quot;number_text&quot;,&quot;step_icon_shape&quot;:&quot;circle&quot;}\" data-widget_type=\"form.default\">\n\t\t\t\t\t\t\t<form class=\"elementor-form\" method=\"post\" name=\"Contacto\" aria-label=\"Contacto\">\n\t\t\t<input type=\"hidden\" name=\"post_id\" value=\"3394\"\/>\n\t\t\t<input type=\"hidden\" name=\"form_id\" value=\"9d77502\"\/>\n\t\t\t<input type=\"hidden\" name=\"referer_title\" value=\"Legal Radar: Monitoreo Jur\u00eddico y de Riesgos en la UE\" \/>\n\n\t\t\t\n\t\t\t<div class=\"elementor-form-fields-wrapper elementor-labels-\">\n\t\t\t\t\t\t\t\t<div class=\"elementor-field-type-text elementor-field-group elementor-column elementor-field-group-name elementor-col-100 elementor-field-required\">\n\t\t\t\t\t\t\t\t\t\t\t\t<label for=\"form-field-name\" class=\"elementor-field-label elementor-screen-only\">\n\t\t\t\t\t\t\t\tName\t\t\t\t\t\t\t<\/label>\n\t\t\t\t\t\t\t\t\t\t\t\t\t\t<input size=\"1\" type=\"text\" name=\"form_fields[name]\" id=\"form-field-name\" class=\"elementor-field elementor-size-sm  elementor-field-textual\" placeholder=\"First &amp; Last Name\" required=\"required\">\n\t\t\t\t\t\t\t\t\t\t\t<\/div>\n\t\t\t\t\t\t\t\t<div class=\"elementor-field-type-email elementor-field-group elementor-column elementor-field-group-email elementor-col-100 elementor-field-required\">\n\t\t\t\t\t\t\t\t\t\t\t\t<label for=\"form-field-email\" class=\"elementor-field-label elementor-screen-only\">\n\t\t\t\t\t\t\t\tEmail\t\t\t\t\t\t\t<\/label>\n\t\t\t\t\t\t\t\t\t\t\t\t\t\t<input size=\"1\" type=\"email\" name=\"form_fields[email]\" id=\"form-field-email\" class=\"elementor-field elementor-size-sm  elementor-field-textual\" placeholder=\"Company Email\" required=\"required\">\n\t\t\t\t\t\t\t\t\t\t\t<\/div>\n\t\t\t\t\t\t\t\t<div class=\"elementor-field-type-text elementor-field-group elementor-column elementor-field-group-company_name elementor-col-100 elementor-field-required\">\n\t\t\t\t\t\t\t\t\t\t\t\t<label for=\"form-field-company_name\" class=\"elementor-field-label elementor-screen-only\">\n\t\t\t\t\t\t\t\tCompany Name\t\t\t\t\t\t\t<\/label>\n\t\t\t\t\t\t\t\t\t\t\t\t\t\t<input size=\"1\" type=\"text\" name=\"form_fields[company_name]\" id=\"form-field-company_name\" class=\"elementor-field elementor-size-sm  elementor-field-textual\" placeholder=\"Company Name\" required=\"required\">\n\t\t\t\t\t\t\t\t\t\t\t<\/div>\n\t\t\t\t\t\t\t\t<div class=\"elementor-field-type-number elementor-field-group elementor-column elementor-field-group-number elementor-col-100 elementor-field-required\">\n\t\t\t\t\t\t\t\t\t\t\t\t<label for=\"form-field-number\" class=\"elementor-field-label elementor-screen-only\">\n\t\t\t\t\t\t\t\tPhone Number\t\t\t\t\t\t\t<\/label>\n\t\t\t\t\t\t\t\t\t<input type=\"number\" name=\"form_fields[number]\" id=\"form-field-number\" class=\"elementor-field elementor-size-sm  elementor-field-textual\" placeholder=\"Phone Number\" required=\"required\" min=\"\" max=\"\" >\n\t\t\t\t\t\t<\/div>\n\t\t\t\t\t\t\t\t<div class=\"elementor-field-type-textarea elementor-field-group elementor-column elementor-field-group-message elementor-col-100 elementor-field-required\">\n\t\t\t\t\t\t\t\t\t\t\t\t<label for=\"form-field-message\" class=\"elementor-field-label elementor-screen-only\">\n\t\t\t\t\t\t\t\tMessage\t\t\t\t\t\t\t<\/label>\n\t\t\t\t\t\t<textarea class=\"elementor-field-textual elementor-field  elementor-size-sm\" name=\"form_fields[message]\" id=\"form-field-message\" rows=\"4\" placeholder=\"What do you need help with?\" required=\"required\"><\/textarea>\t\t\t\t<\/div>\n\t\t\t\t\t\t\t\t<div class=\"elementor-field-type-acceptance elementor-field-group elementor-column elementor-field-group-field_5db2651 elementor-col-100 elementor-field-required\">\n\t\t\t\t\t\t\t<div class=\"elementor-field-subgroup\">\n\t\t\t<span class=\"elementor-field-option\">\n\t\t\t\t<input type=\"checkbox\" name=\"form_fields[field_5db2651]\" id=\"form-field-field_5db2651\" class=\"elementor-field elementor-size-sm  elementor-acceptance-field\" required=\"required\">\n\t\t\t\t<label for=\"form-field-field_5db2651\">I agree to the use of my personal data as outlined in the <a href=\"https:\/\/www.kubiack.com\/privacy-policy\/\" target=\"_blank\" rel=\"noopener noreferrer\">Privacy Policy<\/a><\/label>\t\t\t<\/span>\n\t\t<\/div>\n\t\t\t\t\t\t<\/div>\n\t\t\t\t\t\t\t\t<div class=\"elementor-field-type-recaptcha_v3 elementor-field-group elementor-column elementor-field-group-field_a568e61 elementor-col-100 recaptcha_v3-bottomright\">\n\t\t\t\t\t<div class=\"elementor-field\" id=\"form-field-field_a568e61\"><div class=\"elementor-g-recaptcha\" data-sitekey=\"6LfKCOIqAAAAANFVBmBckoPDa_Xy7ayJaStiwx3e\" data-type=\"v3\" data-action=\"Form\" data-badge=\"bottomright\" data-size=\"invisible\"><\/div><\/div>\t\t\t\t<\/div>\n\t\t\t\t\t\t\t\t<div class=\"elementor-field-group elementor-column elementor-field-type-submit elementor-col-100 e-form__buttons\">\n\t\t\t\t\t<button class=\"elementor-button elementor-size-sm elementor-animation-shrink\" type=\"submit\">\n\t\t\t\t\t\t<span class=\"elementor-button-content-wrapper\">\n\t\t\t\t\t\t\t\t\t\t\t\t\t\t\t\t\t\t\t\t\t\t<span class=\"elementor-button-text\">Send<\/span>\n\t\t\t\t\t\t\t\t\t\t\t\t\t<\/span>\n\t\t\t\t\t<\/button>\n\t\t\t\t<\/div>\n\t\t\t<\/div>\n\t\t<\/form>\n\t\t\t\t\t\t<\/div>\n\t\t\t\t<\/div>\n\t\t\t\t\t<\/div>\n\t\t\t\t<\/div>\n\t\t<div class=\"elementor-element elementor-element-f71797a e-flex e-con-boxed e-con e-parent\" data-id=\"f71797a\" data-element_type=\"container\" data-e-type=\"container\">\n\t\t\t\t\t<div class=\"e-con-inner\">\n\t\t<div class=\"elementor-element elementor-element-2d08d4e e-con-full e-flex e-con e-child\" data-id=\"2d08d4e\" data-element_type=\"container\" data-e-type=\"container\">\n\t\t\t\t<\/div>\n\t\t<div class=\"elementor-element elementor-element-f92549a e-con-full elementor-hidden-tablet elementor-hidden-mobile e-flex e-con e-child\" data-id=\"f92549a\" data-element_type=\"container\" data-e-type=\"container\">\n\t\t\t\t<div class=\"elementor-element elementor-element-4186c0a elementor-widget elementor-widget-wp-widget-recent-posts\" data-id=\"4186c0a\" data-element_type=\"widget\" data-e-type=\"widget\" data-widget_type=\"wp-widget-recent-posts.default\">\n\t\t\t\t<div class=\"elementor-widget-container\">\n\t\t\t\t\t\n\t\t\n\t\t<h5>Our Legal Insights Blog<\/h5><nav aria-label=\"Our Legal Insights Blog\">\n\t\t<ul>\n\t\t\t\t\t\t\t\t\t\t\t<li>\n\t\t\t\t\t<a href=\"https:\/\/www.kubiack.com\/es\/contenido-de-usuario-generado-por-ia-responsabilidad-de-las-plataformas-y-derechos-fundamentales\/\">Contenido de usuario generado por IA, responsabilidad de las plataformas y derechos fundamentales<\/a>\n\t\t\t\t\t\t\t\t\t<\/li>\n\t\t\t\t\t\t\t\t\t\t\t<li>\n\t\t\t\t\t<a href=\"https:\/\/www.kubiack.com\/es\/la-ia-generativa-llevada-a-los-tribunales-parte-3\/\">La IA generativa llevada a los tribunales - Parte 3<\/a>\n\t\t\t\t\t\t\t\t\t<\/li>\n\t\t\t\t\t\t\t\t\t\t\t<li>\n\t\t\t\t\t<a href=\"https:\/\/www.kubiack.com\/es\/enfoques-contradictorios-sobre-ia-entrenamiento-y-derecho-de-autor-gema-v-openai-alemania-frente-a-getty-images-v-stability-ai-inglaterra\/\">Enfoques contradictorios sobre IA, entrenamiento y derecho de autor: Gema v OpenAI (Alemania) frente a Getty Images v Stability AI (Inglaterra)<\/a>\n\t\t\t\t\t\t\t\t\t<\/li>\n\t\t\t\t\t\t\t\t\t\t\t<li>\n\t\t\t\t\t<a href=\"https:\/\/www.kubiack.com\/es\/la-ia-generativa-llevada-a-los-tribunales-parte-2\/\">La IA generativa llevada a los tribunales - Parte 2<\/a>\n\t\t\t\t\t\t\t\t\t<\/li>\n\t\t\t\t\t\t\t\t\t\t\t<li>\n\t\t\t\t\t<a href=\"https:\/\/www.kubiack.com\/es\/apple-la-app-store-y-el-derecho-de-la-competencia-del-reino-unido-kent-v-apple-2025-cat-67\/\">Apple, la App Store y el Derecho de la Competencia del Reino Unido: Kent v Apple [2025] CAT 67<\/a>\n\t\t\t\t\t\t\t\t\t<\/li>\n\t\t\t\t\t<\/ul>\n\n\t\t<\/nav>\t\t\t\t<\/div>\n\t\t\t\t<\/div>\n\t\t\t\t<\/div>\n\t\t\t\t\t<\/div>\n\t\t\t\t<\/div>\n\t\t<div class=\"elementor-element elementor-element-fa7bb93 e-flex e-con-boxed e-con e-parent\" data-id=\"fa7bb93\" data-element_type=\"container\" data-e-type=\"container\" data-settings=\"{&quot;background_background&quot;:&quot;classic&quot;}\">\n\t\t\t\t\t<div class=\"e-con-inner\">\n\t\t\t\t\t<\/div>\n\t\t\t\t<\/div>\n\t\t\t\t<\/div>\n\t\t ","protected":false},"excerpt":{"rendered":"<p>Legal Radar: EU Legal &amp; Compliance Risk Monitoring Legal Radar: EU Legal &amp; Risk Monitoring The legal framework governing technology and digital markets within the European Union is undergoing constant and significant development. Legislative initiatives, regulatory guidelines, and judicial decisions are introduced with increasing frequency, each carrying the potential to materially affect business operations and [&hellip;]<\/p>\n","protected":false},"author":2,"featured_media":0,"parent":0,"menu_order":0,"comment_status":"closed","ping_status":"closed","template":"","meta":{"footnotes":""},"class_list":["post-3394","page","type-page","status-publish","hentry"],"yoast_head":"<!-- This site is optimized with the Yoast SEO plugin v27.3 - https:\/\/yoast.com\/product\/yoast-seo-wordpress\/ -->\n<title>Legal Radar: Monitoreo Jur\u00eddico y de Riesgos en la UE<\/title>\n<meta name=\"robots\" content=\"index, follow, max-snippet:-1, max-image-preview:large, max-video-preview:-1\" \/>\n<meta property=\"og:locale\" content=\"es_ES\" \/>\n<meta property=\"og:type\" content=\"article\" \/>\n<meta property=\"og:title\" content=\"Legal Radar: Monitoreo Jur\u00eddico y de Riesgos en la UE\" \/>\n<meta property=\"og:url\" content=\"https:\/\/www.kubiack.com\/es\/legal-radar-monitoreo-juridico-y-de-riesgos-en-la-ue\/\" \/>\n<meta property=\"og:site_name\" content=\"Kubiack Law\" \/>\n<meta property=\"article:modified_time\" content=\"2025-08-28T11:22:28+00:00\" \/>\n<meta name=\"twitter:card\" content=\"summary_large_image\" \/>\n<meta name=\"twitter:label1\" content=\"Tiempo de lectura\" \/>\n\t<meta name=\"twitter:data1\" content=\"1 minuto\" \/>\n<script type=\"application\/ld+json\" class=\"yoast-schema-graph\">{\"@context\":\"https:\\\/\\\/schema.org\",\"@graph\":[{\"@type\":\"WebPage\",\"@id\":\"https:\\\/\\\/www.kubiack.com\\\/es\\\/legal-radar-monitoreo-juridico-y-de-riesgos-en-la-ue\\\/\",\"url\":\"https:\\\/\\\/www.kubiack.com\\\/es\\\/legal-radar-monitoreo-juridico-y-de-riesgos-en-la-ue\\\/\",\"name\":\"Legal Radar: EU Legal & Compliance Risk Monitoring - Kubiack Law\",\"isPartOf\":{\"@id\":\"https:\\\/\\\/www.kubiack.com\\\/#website\"},\"datePublished\":\"2025-08-26T15:04:12+00:00\",\"dateModified\":\"2025-08-28T11:22:28+00:00\",\"breadcrumb\":{\"@id\":\"https:\\\/\\\/www.kubiack.com\\\/es\\\/legal-radar-monitoreo-juridico-y-de-riesgos-en-la-ue\\\/#breadcrumb\"},\"inLanguage\":\"es\",\"potentialAction\":[{\"@type\":\"ReadAction\",\"target\":[\"https:\\\/\\\/www.kubiack.com\\\/es\\\/legal-radar-monitoreo-juridico-y-de-riesgos-en-la-ue\\\/\"]}]},{\"@type\":\"BreadcrumbList\",\"@id\":\"https:\\\/\\\/www.kubiack.com\\\/es\\\/legal-radar-monitoreo-juridico-y-de-riesgos-en-la-ue\\\/#breadcrumb\",\"itemListElement\":[{\"@type\":\"ListItem\",\"position\":1,\"name\":\"Home\",\"item\":\"https:\\\/\\\/www.kubiack.com\\\/\"},{\"@type\":\"ListItem\",\"position\":2,\"name\":\"Legal Radar: Monitoreo Jur\u00eddico y de Riesgos en la UE\"}]},{\"@type\":\"WebSite\",\"@id\":\"https:\\\/\\\/www.kubiack.com\\\/es\\\/#website\",\"url\":\"https:\\\/\\\/www.kubiack.com\\\/es\\\/\",\"name\":\"Kubiack Law\",\"description\":\"We are guiding technology companies to launch, scale and operate lawfully across the European Single Market\",\"publisher\":{\"@id\":\"https:\\\/\\\/www.kubiack.com\\\/es\\\/#organization\"},\"potentialAction\":[{\"@type\":\"SearchAction\",\"target\":{\"@type\":\"EntryPoint\",\"urlTemplate\":\"https:\\\/\\\/www.kubiack.com\\\/es\\\/?s={search_term_string}\"},\"query-input\":{\"@type\":\"PropertyValueSpecification\",\"valueRequired\":true,\"valueName\":\"search_term_string\"}}],\"inLanguage\":\"es\"},{\"@type\":\"Organization\",\"@id\":\"https:\\\/\\\/www.kubiack.com\\\/es\\\/#organization\",\"name\":\"Kubiack Law\",\"url\":\"https:\\\/\\\/www.kubiack.com\\\/es\\\/\",\"logo\":{\"@type\":\"ImageObject\",\"inLanguage\":\"es\",\"@id\":\"https:\\\/\\\/www.kubiack.com\\\/es\\\/#\\\/schema\\\/logo\\\/image\\\/\",\"url\":\"https:\\\/\\\/www.kubiack.com\\\/wp-content\\\/uploads\\\/2025\\\/02\\\/Kubiack-Technology-legal-consulting-law-european-union-e1740494325494.png\",\"contentUrl\":\"https:\\\/\\\/www.kubiack.com\\\/wp-content\\\/uploads\\\/2025\\\/02\\\/Kubiack-Technology-legal-consulting-law-european-union-e1740494325494.png\",\"width\":291,\"height\":77,\"caption\":\"Kubiack Law\"},\"image\":{\"@id\":\"https:\\\/\\\/www.kubiack.com\\\/es\\\/#\\\/schema\\\/logo\\\/image\\\/\"},\"sameAs\":[\"https:\\\/\\\/www.linkedin.com\\\/company\\\/kubiack-law\\\/\"]}]}<\/script>\n<!-- \/ Yoast SEO plugin. -->","yoast_head_json":{"title":"Legal Radar: Monitoreo Jur\u00eddico y de Riesgos en la UE","robots":{"index":"index","follow":"follow","max-snippet":"max-snippet:-1","max-image-preview":"max-image-preview:large","max-video-preview":"max-video-preview:-1"},"og_locale":"es_ES","og_type":"article","og_title":"Legal Radar: Monitoreo Jur\u00eddico y de Riesgos en la UE","og_url":"https:\/\/www.kubiack.com\/es\/legal-radar-monitoreo-juridico-y-de-riesgos-en-la-ue\/","og_site_name":"Kubiack Law","article_modified_time":"2025-08-28T11:22:28+00:00","twitter_card":"summary_large_image","twitter_misc":{"Tiempo de lectura":"1 minuto"},"schema":{"@context":"https:\/\/schema.org","@graph":[{"@type":"WebPage","@id":"https:\/\/www.kubiack.com\/es\/legal-radar-monitoreo-juridico-y-de-riesgos-en-la-ue\/","url":"https:\/\/www.kubiack.com\/es\/legal-radar-monitoreo-juridico-y-de-riesgos-en-la-ue\/","name":"Legal Radar: EU Legal & Compliance Risk Monitoring - Kubiack Law","isPartOf":{"@id":"https:\/\/www.kubiack.com\/#website"},"datePublished":"2025-08-26T15:04:12+00:00","dateModified":"2025-08-28T11:22:28+00:00","breadcrumb":{"@id":"https:\/\/www.kubiack.com\/es\/legal-radar-monitoreo-juridico-y-de-riesgos-en-la-ue\/#breadcrumb"},"inLanguage":"es","potentialAction":[{"@type":"ReadAction","target":["https:\/\/www.kubiack.com\/es\/legal-radar-monitoreo-juridico-y-de-riesgos-en-la-ue\/"]}]},{"@type":"BreadcrumbList","@id":"https:\/\/www.kubiack.com\/es\/legal-radar-monitoreo-juridico-y-de-riesgos-en-la-ue\/#breadcrumb","itemListElement":[{"@type":"ListItem","position":1,"name":"Home","item":"https:\/\/www.kubiack.com\/"},{"@type":"ListItem","position":2,"name":"Legal Radar: Monitoreo Jur\u00eddico y de Riesgos en la UE"}]},{"@type":"WebSite","@id":"https:\/\/www.kubiack.com\/es\/#website","url":"https:\/\/www.kubiack.com\/es\/","name":"Kubiack Law","description":"We are guiding technology companies to launch, scale and operate lawfully across the European Single Market","publisher":{"@id":"https:\/\/www.kubiack.com\/es\/#organization"},"potentialAction":[{"@type":"SearchAction","target":{"@type":"EntryPoint","urlTemplate":"https:\/\/www.kubiack.com\/es\/?s={search_term_string}"},"query-input":{"@type":"PropertyValueSpecification","valueRequired":true,"valueName":"search_term_string"}}],"inLanguage":"es"},{"@type":"Organization","@id":"https:\/\/www.kubiack.com\/es\/#organization","name":"Kubiack Law","url":"https:\/\/www.kubiack.com\/es\/","logo":{"@type":"ImageObject","inLanguage":"es","@id":"https:\/\/www.kubiack.com\/es\/#\/schema\/logo\/image\/","url":"https:\/\/www.kubiack.com\/wp-content\/uploads\/2025\/02\/Kubiack-Technology-legal-consulting-law-european-union-e1740494325494.png","contentUrl":"https:\/\/www.kubiack.com\/wp-content\/uploads\/2025\/02\/Kubiack-Technology-legal-consulting-law-european-union-e1740494325494.png","width":291,"height":77,"caption":"Kubiack Law"},"image":{"@id":"https:\/\/www.kubiack.com\/es\/#\/schema\/logo\/image\/"},"sameAs":["https:\/\/www.linkedin.com\/company\/kubiack-law\/"]}]}},"_links":{"self":[{"href":"https:\/\/www.kubiack.com\/es\/wp-json\/wp\/v2\/pages\/3394","targetHints":{"allow":["GET"]}}],"collection":[{"href":"https:\/\/www.kubiack.com\/es\/wp-json\/wp\/v2\/pages"}],"about":[{"href":"https:\/\/www.kubiack.com\/es\/wp-json\/wp\/v2\/types\/page"}],"author":[{"embeddable":true,"href":"https:\/\/www.kubiack.com\/es\/wp-json\/wp\/v2\/users\/2"}],"replies":[{"embeddable":true,"href":"https:\/\/www.kubiack.com\/es\/wp-json\/wp\/v2\/comments?post=3394"}],"version-history":[{"count":138,"href":"https:\/\/www.kubiack.com\/es\/wp-json\/wp\/v2\/pages\/3394\/revisions"}],"predecessor-version":[{"id":3639,"href":"https:\/\/www.kubiack.com\/es\/wp-json\/wp\/v2\/pages\/3394\/revisions\/3639"}],"wp:attachment":[{"href":"https:\/\/www.kubiack.com\/es\/wp-json\/wp\/v2\/media?parent=3394"}],"curies":[{"name":"wp","href":"https:\/\/api.w.org\/{rel}","templated":true}]}}