{"id":3600,"date":"2025-08-28T11:03:51","date_gmt":"2025-08-28T11:03:51","guid":{"rendered":"https:\/\/www.kubiack.com\/?page_id=3600"},"modified":"2025-08-28T11:18:07","modified_gmt":"2025-08-28T11:18:07","slug":"medical-devices","status":"publish","type":"page","link":"https:\/\/www.kubiack.com\/de\/medizinische-gerate\/","title":{"rendered":"Medizinische Ger\u00e4te"},"content":{"rendered":"\t\t<div data-elementor-type=\"wp-page\" data-elementor-id=\"3600\" class=\"elementor elementor-3600\" data-elementor-post-type=\"page\">\n\t\t\t\t<div class=\"elementor-element elementor-element-367e4cb e-flex e-con-boxed e-con e-parent\" data-id=\"367e4cb\" data-element_type=\"container\" data-e-type=\"container\" data-settings=\"{&quot;background_background&quot;:&quot;classic&quot;}\">\n\t\t\t\t\t<div class=\"e-con-inner\">\n\t\t\t\t<div class=\"elementor-element elementor-element-b8906fd elementor-widget elementor-widget-heading\" data-id=\"b8906fd\" data-element_type=\"widget\" data-e-type=\"widget\" data-widget_type=\"heading.default\">\n\t\t\t\t\t<h2 class=\"elementor-heading-title elementor-size-default\">Medizinprodukteindustrie<\/h2>\t\t\t\t<\/div>\n\t\t\t\t\t<\/div>\n\t\t\t\t<\/div>\n\t\t<div class=\"elementor-element elementor-element-da826d3 e-flex e-con-boxed e-con e-parent\" data-id=\"da826d3\" data-element_type=\"container\" data-e-type=\"container\">\n\t\t\t\t\t<div class=\"e-con-inner\">\n\t\t<div class=\"elementor-element elementor-element-d466217 e-con-full e-flex e-con e-child\" data-id=\"d466217\" data-element_type=\"container\" data-e-type=\"container\">\n\t\t\t\t<div class=\"elementor-element elementor-element-fa815b8 elementor-widget elementor-widget-heading\" data-id=\"fa815b8\" data-element_type=\"widget\" data-e-type=\"widget\" data-widget_type=\"heading.default\">\n\t\t\t\t\t<h2 class=\"elementor-heading-title elementor-size-default\">Juristische Expertise an der Schnittstelle von Technologie, Daten und Gesundheitswesen<\/h2>\t\t\t\t<\/div>\n\t\t\t\t<div class=\"elementor-element elementor-element-ceb97ed elementor-widget elementor-widget-text-editor\" data-id=\"ceb97ed\" data-element_type=\"widget\" data-e-type=\"widget\" data-widget_type=\"text-editor.default\">\n\t\t\t\t\t\t\t\t\t<p data-start=\"84\" data-end=\"209\">Wir bieten umfassende Rechtsberatung an der Schnittstelle von Gesundheitswesen, Technologie und regulatorischer Compliance.<\/p><p data-start=\"211\" data-end=\"540\">Unsere Praxis konzentriert sich auf die EU-Verordnung \u00fcber K\u00fcnstliche Intelligenz, das Recht des geistigen Eigentums, Wettbewerbsrecht, Krypto &amp; Blockchain, Datenschutz sowie den Data Act und adressiert die komplexen rechtlichen und regulatorischen Herausforderungen, die im Bereich der Medizinprodukte besonders relevant sind.<\/p><h4 data-start=\"542\" data-end=\"589\"><strong data-start=\"542\" data-end=\"587\">EU-Verordnung \u00fcber K\u00fcnstliche Intelligenz<\/strong><\/h4><p data-start=\"591\" data-end=\"805\">Medizinprodukte integrieren zunehmend KI f\u00fcr Diagnostik, \u00dcberwachung und Behandlungsempfehlungen, oder die Software selbst kann als Medizinprodukt eingestuft werden. Wir beraten zu Compliance-Fragen in Bezug auf:<\/p><ul data-start=\"807\" data-end=\"916\"><li data-start=\"807\" data-end=\"831\"><p data-start=\"809\" data-end=\"831\">die EU-KI-Verordnung,<\/p><\/li><li data-start=\"832\" data-end=\"868\"><p data-start=\"834\" data-end=\"868\">die EU-Medizinprodukteverordnung,<\/p><\/li><li data-start=\"869\" data-end=\"916\"><p data-start=\"871\" data-end=\"916\">die EU-Verordnung \u00fcber In-vitro-Diagnostika<\/p><\/li><\/ul><p data-start=\"918\" data-end=\"1106\">Dabei stellen wir sicher, dass KI-gesteuerte Ger\u00e4te Sicherheits-, Transparenz- und Rechenschaftsstandards erf\u00fcllen und gleichzeitig regulatorische sowie Haftungsrisiken minimiert werden.<\/p><h4 data-start=\"1108\" data-end=\"1142\"><strong data-start=\"1108\" data-end=\"1140\">Datenschutz und der Data Act<\/strong><\/h4><p data-start=\"1144\" data-end=\"1504\">Medizinprodukte verarbeiten h\u00e4ufig sensible Patientendaten, was eine strikte Einhaltung der DSGVO und des EU Data Act erfordert. Wir beraten zu rechtm\u00e4\u00dfiger Datenverarbeitung, grenz\u00fcberschreitenden Daten\u00fcbermittlungen, Cybersicherheit und Risikomanagement im Bereich Datenschutz, um regulatorische Compliance und das Vertrauen der Patienten zu gew\u00e4hrleisten.<\/p><h4 data-start=\"1506\" data-end=\"1531\"><strong data-start=\"1506\" data-end=\"1529\">Krypto &amp; Blockchain<\/strong><\/h4><p data-start=\"1533\" data-end=\"1827\">Blockchain-Technologien werden zunehmend in Lieferketten von Ger\u00e4ten, zur Sicherung klinischer Datenintegrit\u00e4t und in sicheren digitalen Registern eingesetzt. Wir unterst\u00fctzen bei der Implementierung von Blockchain-L\u00f6sungen und navigieren dabei durch die regulatorischen Anforderungen der EU.<\/p>\t\t\t\t\t\t\t\t<\/div>\n\t\t\t\t<\/div>\n\t\t<div class=\"elementor-element elementor-element-093a004 e-con-full e-flex e-con e-child\" data-id=\"093a004\" data-element_type=\"container\" data-e-type=\"container\" data-settings=\"{&quot;background_background&quot;:&quot;classic&quot;}\">\n\t\t\t\t<div class=\"elementor-element elementor-element-b6f6e88 elementor-widget elementor-widget-heading\" data-id=\"b6f6e88\" data-element_type=\"widget\" data-e-type=\"widget\" data-widget_type=\"heading.default\">\n\t\t\t\t\t<h2 class=\"elementor-heading-title elementor-size-default\">Contact us Now!<\/h2>\t\t\t\t<\/div>\n\t\t\t\t<div class=\"elementor-element elementor-element-9d77502 elementor-button-align-stretch elementor-widget elementor-widget-form\" data-id=\"9d77502\" data-element_type=\"widget\" data-e-type=\"widget\" data-settings=\"{&quot;step_next_label&quot;:&quot;Next&quot;,&quot;step_previous_label&quot;:&quot;Previous&quot;,&quot;button_width&quot;:&quot;100&quot;,&quot;step_type&quot;:&quot;number_text&quot;,&quot;step_icon_shape&quot;:&quot;circle&quot;}\" data-widget_type=\"form.default\">\n\t\t\t\t\t\t\t<form class=\"elementor-form\" method=\"post\" name=\"Contacto\" aria-label=\"Contacto\">\n\t\t\t<input type=\"hidden\" name=\"post_id\" value=\"3600\"\/>\n\t\t\t<input type=\"hidden\" name=\"form_id\" value=\"9d77502\"\/>\n\t\t\t<input type=\"hidden\" name=\"referer_title\" value=\"Medizinische Ger\u00e4te\" \/>\n\n\t\t\t\n\t\t\t<div class=\"elementor-form-fields-wrapper elementor-labels-\">\n\t\t\t\t\t\t\t\t<div class=\"elementor-field-type-text elementor-field-group elementor-column elementor-field-group-name elementor-col-100 elementor-field-required\">\n\t\t\t\t\t\t\t\t\t\t\t\t<label for=\"form-field-name\" class=\"elementor-field-label elementor-screen-only\">\n\t\t\t\t\t\t\t\tName\t\t\t\t\t\t\t<\/label>\n\t\t\t\t\t\t\t\t\t\t\t\t\t\t<input size=\"1\" type=\"text\" name=\"form_fields[name]\" id=\"form-field-name\" class=\"elementor-field elementor-size-sm  elementor-field-textual\" placeholder=\"First &amp; Last Name\" required=\"required\">\n\t\t\t\t\t\t\t\t\t\t\t<\/div>\n\t\t\t\t\t\t\t\t<div class=\"elementor-field-type-email elementor-field-group elementor-column elementor-field-group-email elementor-col-100 elementor-field-required\">\n\t\t\t\t\t\t\t\t\t\t\t\t<label for=\"form-field-email\" class=\"elementor-field-label elementor-screen-only\">\n\t\t\t\t\t\t\t\tEmail\t\t\t\t\t\t\t<\/label>\n\t\t\t\t\t\t\t\t\t\t\t\t\t\t<input size=\"1\" type=\"email\" name=\"form_fields[email]\" id=\"form-field-email\" class=\"elementor-field elementor-size-sm  elementor-field-textual\" placeholder=\"Company Email\" required=\"required\">\n\t\t\t\t\t\t\t\t\t\t\t<\/div>\n\t\t\t\t\t\t\t\t<div class=\"elementor-field-type-text elementor-field-group elementor-column elementor-field-group-company_name elementor-col-100 elementor-field-required\">\n\t\t\t\t\t\t\t\t\t\t\t\t<label for=\"form-field-company_name\" class=\"elementor-field-label elementor-screen-only\">\n\t\t\t\t\t\t\t\tCompany Name\t\t\t\t\t\t\t<\/label>\n\t\t\t\t\t\t\t\t\t\t\t\t\t\t<input size=\"1\" type=\"text\" name=\"form_fields[company_name]\" id=\"form-field-company_name\" class=\"elementor-field elementor-size-sm  elementor-field-textual\" placeholder=\"Company Name\" required=\"required\">\n\t\t\t\t\t\t\t\t\t\t\t<\/div>\n\t\t\t\t\t\t\t\t<div class=\"elementor-field-type-number elementor-field-group elementor-column elementor-field-group-number elementor-col-100 elementor-field-required\">\n\t\t\t\t\t\t\t\t\t\t\t\t<label for=\"form-field-number\" class=\"elementor-field-label elementor-screen-only\">\n\t\t\t\t\t\t\t\tPhone Number\t\t\t\t\t\t\t<\/label>\n\t\t\t\t\t\t\t\t\t<input type=\"number\" name=\"form_fields[number]\" id=\"form-field-number\" class=\"elementor-field elementor-size-sm  elementor-field-textual\" placeholder=\"Phone Number\" required=\"required\" min=\"\" max=\"\" >\n\t\t\t\t\t\t<\/div>\n\t\t\t\t\t\t\t\t<div class=\"elementor-field-type-textarea elementor-field-group elementor-column elementor-field-group-message elementor-col-100 elementor-field-required\">\n\t\t\t\t\t\t\t\t\t\t\t\t<label for=\"form-field-message\" class=\"elementor-field-label elementor-screen-only\">\n\t\t\t\t\t\t\t\tMessage\t\t\t\t\t\t\t<\/label>\n\t\t\t\t\t\t<textarea class=\"elementor-field-textual elementor-field  elementor-size-sm\" name=\"form_fields[message]\" id=\"form-field-message\" rows=\"4\" placeholder=\"What do you need help with?\" required=\"required\"><\/textarea>\t\t\t\t<\/div>\n\t\t\t\t\t\t\t\t<div class=\"elementor-field-type-acceptance elementor-field-group elementor-column elementor-field-group-field_5db2651 elementor-col-100 elementor-field-required\">\n\t\t\t\t\t\t\t<div class=\"elementor-field-subgroup\">\n\t\t\t<span class=\"elementor-field-option\">\n\t\t\t\t<input type=\"checkbox\" name=\"form_fields[field_5db2651]\" id=\"form-field-field_5db2651\" class=\"elementor-field elementor-size-sm  elementor-acceptance-field\" required=\"required\">\n\t\t\t\t<label for=\"form-field-field_5db2651\">I agree to the use of my personal data as outlined in the <a href=\"https:\/\/www.kubiack.com\/privacy-policy\/\" target=\"_blank\" rel=\"noopener noreferrer\">Privacy Policy<\/a><\/label>\t\t\t<\/span>\n\t\t<\/div>\n\t\t\t\t\t\t<\/div>\n\t\t\t\t\t\t\t\t<div class=\"elementor-field-type-recaptcha_v3 elementor-field-group elementor-column elementor-field-group-field_a568e61 elementor-col-100 recaptcha_v3-bottomright\">\n\t\t\t\t\t<div class=\"elementor-field\" id=\"form-field-field_a568e61\"><div class=\"elementor-g-recaptcha\" data-sitekey=\"6LfKCOIqAAAAANFVBmBckoPDa_Xy7ayJaStiwx3e\" data-type=\"v3\" data-action=\"Form\" data-badge=\"bottomright\" data-size=\"invisible\"><\/div><\/div>\t\t\t\t<\/div>\n\t\t\t\t\t\t\t\t<div class=\"elementor-field-group elementor-column elementor-field-type-submit elementor-col-100 e-form__buttons\">\n\t\t\t\t\t<button class=\"elementor-button elementor-size-sm elementor-animation-shrink\" type=\"submit\">\n\t\t\t\t\t\t<span class=\"elementor-button-content-wrapper\">\n\t\t\t\t\t\t\t\t\t\t\t\t\t\t\t\t\t\t\t\t\t\t<span class=\"elementor-button-text\">Send<\/span>\n\t\t\t\t\t\t\t\t\t\t\t\t\t<\/span>\n\t\t\t\t\t<\/button>\n\t\t\t\t<\/div>\n\t\t\t<\/div>\n\t\t<\/form>\n\t\t\t\t\t\t<\/div>\n\t\t\t\t<\/div>\n\t\t\t\t\t<\/div>\n\t\t\t\t<\/div>\n\t\t<div class=\"elementor-element elementor-element-f71797a e-flex e-con-boxed e-con e-parent\" data-id=\"f71797a\" data-element_type=\"container\" data-e-type=\"container\">\n\t\t\t\t\t<div class=\"e-con-inner\">\n\t\t<div class=\"elementor-element elementor-element-2d08d4e e-con-full e-flex e-con e-child\" data-id=\"2d08d4e\" data-element_type=\"container\" data-e-type=\"container\">\n\t\t\t\t<div class=\"elementor-element elementor-element-4186c0a elementor-widget elementor-widget-wp-widget-recent-posts\" data-id=\"4186c0a\" data-element_type=\"widget\" data-e-type=\"widget\" data-widget_type=\"wp-widget-recent-posts.default\">\n\t\t\t\t<div class=\"elementor-widget-container\">\n\t\t\t\t\t\n\t\t\n\t\t<h5>Our Legal Insights Blog<\/h5><nav aria-label=\"Our Legal Insights Blog\">\n\t\t<ul>\n\t\t\t\t\t\t\t\t\t\t\t<li>\n\t\t\t\t\t<a href=\"https:\/\/www.kubiack.com\/de\/genai-nutzerinhalte-plattformhaftung-und-grundrechte\/\">GenAI-Nutzerinhalte, Plattformhaftung und Grundrechte<\/a>\n\t\t\t\t\t\t\t\t\t<\/li>\n\t\t\t\t\t\t\t\t\t\t\t<li>\n\t\t\t\t\t<a href=\"https:\/\/www.kubiack.com\/de\/generative-ki-vor-gericht-teil-3\/\">Generative KI vor Gericht \u2013 Teil 3<\/a>\n\t\t\t\t\t\t\t\t\t<\/li>\n\t\t\t\t\t\t\t\t\t\t\t<li>\n\t\t\t\t\t<a href=\"https:\/\/www.kubiack.com\/de\/widerlaufige-ansatze-zu-ki-training-und-urheberrecht-gema-und-openai-deutschland-versus-getty-images-und-stability-ai-england\/\">Widerl\u00e4ufige Ans\u00e4tze zu KI, Training und Urheberrecht: Gema und OpenAI (Deutschland) versus Getty Images und Stability AI (England)<\/a>\n\t\t\t\t\t\t\t\t\t<\/li>\n\t\t\t\t\t\t\t\t\t\t\t<li>\n\t\t\t\t\t<a href=\"https:\/\/www.kubiack.com\/de\/generative-ki-vor-gericht-teil-2\/\">Generative KI vor Gericht \u2013 Teil 2<\/a>\n\t\t\t\t\t\t\t\t\t<\/li>\n\t\t\t\t\t\t\t\t\t\t\t<li>\n\t\t\t\t\t<a href=\"https:\/\/www.kubiack.com\/de\/apple-der-app-store-und-das-uk-wettbewerbsrecht-kent-v-apple-2025-cat-67\/\">Apple, der App Store und das UK Wettbewerbsrecht: Kent v Apple [2025] CAT 67<\/a>\n\t\t\t\t\t\t\t\t\t<\/li>\n\t\t\t\t\t<\/ul>\n\n\t\t<\/nav>\t\t\t\t<\/div>\n\t\t\t\t<\/div>\n\t\t\t\t<\/div>\n\t\t<div class=\"elementor-element elementor-element-f92549a e-con-full elementor-hidden-tablet elementor-hidden-mobile e-flex e-con e-child\" data-id=\"f92549a\" data-element_type=\"container\" data-e-type=\"container\">\n\t\t\t\t<\/div>\n\t\t\t\t\t<\/div>\n\t\t\t\t<\/div>\n\t\t<div class=\"elementor-element elementor-element-fa7bb93 e-flex e-con-boxed e-con e-parent\" data-id=\"fa7bb93\" data-element_type=\"container\" data-e-type=\"container\" data-settings=\"{&quot;background_background&quot;:&quot;classic&quot;}\">\n\t\t\t\t\t<div class=\"e-con-inner\">\n\t\t\t\t\t<\/div>\n\t\t\t\t<\/div>\n\t\t\t\t<\/div>\n\t\t ","protected":false},"excerpt":{"rendered":"<p>Medical Devices Industries Legal Expertise at the Intersection of Technology, Data, and Healthcare We offer comprehensive legal counsel at the intersection of healthcare, technology, and regulatory compliance. Our practice focuses on EU Artificial Intelligence Regulation, Intellectual Property Law, Competition Law, Crypto &amp; Blockchain, Data Protection, and the Data Act, addressing the complex legal and regulatory [&hellip;]<\/p>\n","protected":false},"author":2,"featured_media":0,"parent":0,"menu_order":0,"comment_status":"closed","ping_status":"closed","template":"","meta":{"footnotes":""},"class_list":["post-3600","page","type-page","status-publish","hentry"],"yoast_head":"<!-- This site is optimized with the Yoast SEO plugin v27.3 - https:\/\/yoast.com\/product\/yoast-seo-wordpress\/ -->\n<title>Medizinische Ger\u00e4te<\/title>\n<meta name=\"robots\" content=\"index, follow, max-snippet:-1, max-image-preview:large, max-video-preview:-1\" \/>\n<meta property=\"og:locale\" content=\"de_DE\" \/>\n<meta property=\"og:type\" content=\"article\" \/>\n<meta property=\"og:title\" content=\"Medizinische Ger\u00e4te\" \/>\n<meta property=\"og:url\" content=\"https:\/\/www.kubiack.com\/de\/medizinische-gerate\/\" \/>\n<meta property=\"og:site_name\" content=\"Kubiack Law\" \/>\n<meta property=\"article:modified_time\" content=\"2025-08-28T11:18:07+00:00\" \/>\n<meta name=\"twitter:card\" content=\"summary_large_image\" \/>\n<meta name=\"twitter:label1\" content=\"Gesch\u00e4tzte Lesezeit\" \/>\n\t<meta name=\"twitter:data1\" content=\"1\u00a0Minute\" \/>\n<script type=\"application\/ld+json\" class=\"yoast-schema-graph\">{\"@context\":\"https:\\\/\\\/schema.org\",\"@graph\":[{\"@type\":\"WebPage\",\"@id\":\"https:\\\/\\\/www.kubiack.com\\\/de\\\/medizinische-gerate\\\/\",\"url\":\"https:\\\/\\\/www.kubiack.com\\\/de\\\/medizinische-gerate\\\/\",\"name\":\"Medical Devices - Kubiack Law\",\"isPartOf\":{\"@id\":\"https:\\\/\\\/www.kubiack.com\\\/#website\"},\"datePublished\":\"2025-08-28T11:03:51+00:00\",\"dateModified\":\"2025-08-28T11:18:07+00:00\",\"breadcrumb\":{\"@id\":\"https:\\\/\\\/www.kubiack.com\\\/de\\\/medizinische-gerate\\\/#breadcrumb\"},\"inLanguage\":\"de\",\"potentialAction\":[{\"@type\":\"ReadAction\",\"target\":[\"https:\\\/\\\/www.kubiack.com\\\/de\\\/medizinische-gerate\\\/\"]}]},{\"@type\":\"BreadcrumbList\",\"@id\":\"https:\\\/\\\/www.kubiack.com\\\/de\\\/medizinische-gerate\\\/#breadcrumb\",\"itemListElement\":[{\"@type\":\"ListItem\",\"position\":1,\"name\":\"Home\",\"item\":\"https:\\\/\\\/www.kubiack.com\\\/\"},{\"@type\":\"ListItem\",\"position\":2,\"name\":\"Medizinische Ger\u00e4te\"}]},{\"@type\":\"WebSite\",\"@id\":\"https:\\\/\\\/www.kubiack.com\\\/de\\\/#website\",\"url\":\"https:\\\/\\\/www.kubiack.com\\\/de\\\/\",\"name\":\"Kubiack Law\",\"description\":\"We are guiding technology companies to launch, scale and operate lawfully across the European Single Market\",\"publisher\":{\"@id\":\"https:\\\/\\\/www.kubiack.com\\\/de\\\/#organization\"},\"potentialAction\":[{\"@type\":\"SearchAction\",\"target\":{\"@type\":\"EntryPoint\",\"urlTemplate\":\"https:\\\/\\\/www.kubiack.com\\\/de\\\/?s={search_term_string}\"},\"query-input\":{\"@type\":\"PropertyValueSpecification\",\"valueRequired\":true,\"valueName\":\"search_term_string\"}}],\"inLanguage\":\"de\"},{\"@type\":\"Organization\",\"@id\":\"https:\\\/\\\/www.kubiack.com\\\/de\\\/#organization\",\"name\":\"Kubiack Law\",\"url\":\"https:\\\/\\\/www.kubiack.com\\\/de\\\/\",\"logo\":{\"@type\":\"ImageObject\",\"inLanguage\":\"de\",\"@id\":\"https:\\\/\\\/www.kubiack.com\\\/de\\\/#\\\/schema\\\/logo\\\/image\\\/\",\"url\":\"https:\\\/\\\/www.kubiack.com\\\/wp-content\\\/uploads\\\/2025\\\/02\\\/Kubiack-Technology-legal-consulting-law-european-union-e1740494325494.png\",\"contentUrl\":\"https:\\\/\\\/www.kubiack.com\\\/wp-content\\\/uploads\\\/2025\\\/02\\\/Kubiack-Technology-legal-consulting-law-european-union-e1740494325494.png\",\"width\":291,\"height\":77,\"caption\":\"Kubiack Law\"},\"image\":{\"@id\":\"https:\\\/\\\/www.kubiack.com\\\/de\\\/#\\\/schema\\\/logo\\\/image\\\/\"},\"sameAs\":[\"https:\\\/\\\/www.linkedin.com\\\/company\\\/kubiack-law\\\/\"]}]}<\/script>\n<!-- \/ Yoast SEO plugin. -->","yoast_head_json":{"title":"Medizinische Ger\u00e4te","robots":{"index":"index","follow":"follow","max-snippet":"max-snippet:-1","max-image-preview":"max-image-preview:large","max-video-preview":"max-video-preview:-1"},"og_locale":"de_DE","og_type":"article","og_title":"Medizinische Ger\u00e4te","og_url":"https:\/\/www.kubiack.com\/de\/medizinische-gerate\/","og_site_name":"Kubiack Law","article_modified_time":"2025-08-28T11:18:07+00:00","twitter_card":"summary_large_image","twitter_misc":{"Gesch\u00e4tzte Lesezeit":"1\u00a0Minute"},"schema":{"@context":"https:\/\/schema.org","@graph":[{"@type":"WebPage","@id":"https:\/\/www.kubiack.com\/de\/medizinische-gerate\/","url":"https:\/\/www.kubiack.com\/de\/medizinische-gerate\/","name":"Medical Devices - Kubiack Law","isPartOf":{"@id":"https:\/\/www.kubiack.com\/#website"},"datePublished":"2025-08-28T11:03:51+00:00","dateModified":"2025-08-28T11:18:07+00:00","breadcrumb":{"@id":"https:\/\/www.kubiack.com\/de\/medizinische-gerate\/#breadcrumb"},"inLanguage":"de","potentialAction":[{"@type":"ReadAction","target":["https:\/\/www.kubiack.com\/de\/medizinische-gerate\/"]}]},{"@type":"BreadcrumbList","@id":"https:\/\/www.kubiack.com\/de\/medizinische-gerate\/#breadcrumb","itemListElement":[{"@type":"ListItem","position":1,"name":"Home","item":"https:\/\/www.kubiack.com\/"},{"@type":"ListItem","position":2,"name":"Medizinische Ger\u00e4te"}]},{"@type":"WebSite","@id":"https:\/\/www.kubiack.com\/de\/#website","url":"https:\/\/www.kubiack.com\/de\/","name":"Kubiack Law","description":"We are guiding technology companies to launch, scale and operate lawfully across the European Single Market","publisher":{"@id":"https:\/\/www.kubiack.com\/de\/#organization"},"potentialAction":[{"@type":"SearchAction","target":{"@type":"EntryPoint","urlTemplate":"https:\/\/www.kubiack.com\/de\/?s={search_term_string}"},"query-input":{"@type":"PropertyValueSpecification","valueRequired":true,"valueName":"search_term_string"}}],"inLanguage":"de"},{"@type":"Organization","@id":"https:\/\/www.kubiack.com\/de\/#organization","name":"Kubiack Law","url":"https:\/\/www.kubiack.com\/de\/","logo":{"@type":"ImageObject","inLanguage":"de","@id":"https:\/\/www.kubiack.com\/de\/#\/schema\/logo\/image\/","url":"https:\/\/www.kubiack.com\/wp-content\/uploads\/2025\/02\/Kubiack-Technology-legal-consulting-law-european-union-e1740494325494.png","contentUrl":"https:\/\/www.kubiack.com\/wp-content\/uploads\/2025\/02\/Kubiack-Technology-legal-consulting-law-european-union-e1740494325494.png","width":291,"height":77,"caption":"Kubiack Law"},"image":{"@id":"https:\/\/www.kubiack.com\/de\/#\/schema\/logo\/image\/"},"sameAs":["https:\/\/www.linkedin.com\/company\/kubiack-law\/"]}]}},"_links":{"self":[{"href":"https:\/\/www.kubiack.com\/de\/wp-json\/wp\/v2\/pages\/3600","targetHints":{"allow":["GET"]}}],"collection":[{"href":"https:\/\/www.kubiack.com\/de\/wp-json\/wp\/v2\/pages"}],"about":[{"href":"https:\/\/www.kubiack.com\/de\/wp-json\/wp\/v2\/types\/page"}],"author":[{"embeddable":true,"href":"https:\/\/www.kubiack.com\/de\/wp-json\/wp\/v2\/users\/2"}],"replies":[{"embeddable":true,"href":"https:\/\/www.kubiack.com\/de\/wp-json\/wp\/v2\/comments?post=3600"}],"version-history":[{"count":24,"href":"https:\/\/www.kubiack.com\/de\/wp-json\/wp\/v2\/pages\/3600\/revisions"}],"predecessor-version":[{"id":3627,"href":"https:\/\/www.kubiack.com\/de\/wp-json\/wp\/v2\/pages\/3600\/revisions\/3627"}],"wp:attachment":[{"href":"https:\/\/www.kubiack.com\/de\/wp-json\/wp\/v2\/media?parent=3600"}],"curies":[{"name":"wp","href":"https:\/\/api.w.org\/{rel}","templated":true}]}}