{"id":3564,"date":"2025-08-28T10:01:24","date_gmt":"2025-08-28T10:01:24","guid":{"rendered":"https:\/\/www.kubiack.com\/?page_id=3564"},"modified":"2025-08-28T10:06:51","modified_gmt":"2025-08-28T10:06:51","slug":"pharma-life-sciences","status":"publish","type":"page","link":"https:\/\/www.kubiack.com\/de\/pharma-und-life-science-industrie\/","title":{"rendered":"Pharma- und Life-Science-Industrie"},"content":{"rendered":"\t\t<div data-elementor-type=\"wp-page\" data-elementor-id=\"3564\" class=\"elementor elementor-3564\" data-elementor-post-type=\"page\">\n\t\t\t\t<div class=\"elementor-element elementor-element-367e4cb e-flex e-con-boxed e-con e-parent\" data-id=\"367e4cb\" data-element_type=\"container\" data-e-type=\"container\" data-settings=\"{&quot;background_background&quot;:&quot;classic&quot;}\">\n\t\t\t\t\t<div class=\"e-con-inner\">\n\t\t\t\t<div class=\"elementor-element elementor-element-b8906fd elementor-widget elementor-widget-heading\" data-id=\"b8906fd\" data-element_type=\"widget\" data-e-type=\"widget\" data-widget_type=\"heading.default\">\n\t\t\t\t\t<h2 class=\"elementor-heading-title elementor-size-default\">Pharma &amp; Life Science Industry<\/h2>\t\t\t\t<\/div>\n\t\t\t\t\t<\/div>\n\t\t\t\t<\/div>\n\t\t<div class=\"elementor-element elementor-element-da826d3 e-flex e-con-boxed e-con e-parent\" data-id=\"da826d3\" data-element_type=\"container\" data-e-type=\"container\">\n\t\t\t\t\t<div class=\"e-con-inner\">\n\t\t<div class=\"elementor-element elementor-element-d466217 e-con-full e-flex e-con e-child\" data-id=\"d466217\" data-element_type=\"container\" data-e-type=\"container\">\n\t\t\t\t<div class=\"elementor-element elementor-element-fa815b8 elementor-widget elementor-widget-heading\" data-id=\"fa815b8\" data-element_type=\"widget\" data-e-type=\"widget\" data-widget_type=\"heading.default\">\n\t\t\t\t\t<h2 class=\"elementor-heading-title elementor-size-default\">Compliance in einem sich wandelnden Pharmasektor<\/h2>\t\t\t\t<\/div>\n\t\t\t\t<div class=\"elementor-element elementor-element-ceb97ed elementor-widget elementor-widget-text-editor\" data-id=\"ceb97ed\" data-element_type=\"widget\" data-e-type=\"widget\" data-widget_type=\"text-editor.default\">\n\t\t\t\t\t\t\t\t\t<p>Die Pharmaindustrie befindet sich in einem tiefgreifenden Wandel, der durch technologische Innovationen, zunehmende regulatorische Komplexit\u00e4t und gestiegene gesellschaftliche Erwartungen vorangetrieben wird. Von K\u00fcnstlicher Intelligenz und Blockchain \u00fcber Daten-Governance bis hin zur Patientensicherheit m\u00fcssen Unternehmen ein Umfeld navigieren, in dem Compliance, Innovation und Marktzugang eng miteinander verflochten sind.<\/p><h4 data-start=\"509\" data-end=\"556\"><strong>EU-Verordnung \u00fcber K\u00fcnstliche Intelligen<\/strong>z<\/h4><p data-start=\"558\" data-end=\"694\">K\u00fcnstliche Intelligenz wird zunehmend in der <strong>Arzneimittelforschung<\/strong>, in <strong>klinischen Studien<\/strong> und bei der <strong>Patienten\u00fcberwachung<\/strong> eingesetzt.<\/p><p data-start=\"696\" data-end=\"945\">Der EU AI Act f\u00fchrt Verpflichtungen in Bezug auf Risikoklassifizierung, Transparenz und Aufsicht ein. Wir beraten Pharma- und Life-Science-Unternehmen dabei, wie sie diese Anforderungen einhalten und praktikabel in ihre Abl\u00e4ufe integrieren k\u00f6nnen.<\/p><h4 data-start=\"952\" data-end=\"1004\"><strong>Pharmakovigilanz und regulatorische Compliance<\/strong><\/h4><p data-start=\"1006\" data-end=\"1214\">Der Schutz der Patientensicherheit bleibt eine vorrangige Verpflichtung. Wir unterst\u00fctzen Mandanten bei der Einrichtung und Aufrechterhaltung von Pharmakovigilanz-Systemen, die den EU-Standards entsprechen.<\/p><p data-start=\"1216\" data-end=\"1255\">Unsere Beratung umfasst insbesondere:<\/p><ul data-start=\"1257\" data-end=\"1305\"><li data-start=\"1257\" data-end=\"1287\"><p data-start=\"1259\" data-end=\"1287\">die Integration von KI und<\/p><\/li><li data-start=\"1288\" data-end=\"1305\"><p data-start=\"1290\" data-end=\"1305\">Datenanalysen<\/p><\/li><\/ul><p data-start=\"1307\" data-end=\"1498\">in die <strong>elektronische Signalerkennung<\/strong>, um sowohl die Einhaltung \u00fcberlappender Vorschriften sicherzustellen als auch die Effektivit\u00e4t der Risikoerkennung und -berichterstattung zu verbessern.<\/p><p data-start=\"1500\" data-end=\"1740\">Ein besonderes Anliegen ist derzeit, dass mangels verbindlicher Rechtsauslegungen durch den <strong>Gerichtshof der Europ\u00e4ischen Union<\/strong> das Risiko <strong>\u00fcberlappender Compliance-Verpflichtungen<\/strong> besteht, die sich aus folgenden Regelwerken ergeben k\u00f6nnen:<\/p><ul data-start=\"1742\" data-end=\"2186\"><li data-start=\"1742\" data-end=\"1820\"><p data-start=\"1744\" data-end=\"1820\"><strong>Verordnung (EG) Nr. 726\/2004<\/strong> (Zulassung und \u00dcberwachung von Arzneimitteln)<\/p><\/li><li data-start=\"1821\" data-end=\"1914\"><p data-start=\"1823\" data-end=\"1914\"><strong>Durchf\u00fchrungsverordnung (EU) Nr. 520\/2012<\/strong> (Durchf\u00fchrung von Pharmakovigilanz-Aktivit\u00e4ten)<\/p><\/li><li data-start=\"1915\" data-end=\"2014\"><p data-start=\"1917\" data-end=\"2014\"><strong>Durchf\u00fchrungsverordnung (EU) 2025\/1466<\/strong> (\u00c4nderung der Durchf\u00fchrungsverordnung (EU) Nr. 520\/2012)<\/p><\/li><li data-start=\"2015\" data-end=\"2083\"><p data-start=\"2017\" data-end=\"2083\"><strong>Richtlinie 2001\/83\/EG<\/strong> (Gemeinschaftskodex f\u00fcr Humanarzneimittel)<\/p><\/li><li data-start=\"2084\" data-end=\"2140\"><p data-start=\"2086\" data-end=\"2140\"><strong>Verordnung (EU) 2017\/745<\/strong> (Medizinprodukteverordnung)<\/p><\/li><li data-start=\"2141\" data-end=\"2186\"><p data-start=\"2143\" data-end=\"2186\"><strong>Verordnung (EU) 2024\/1689<\/strong> (KI-Verordnung)<\/p><\/li><\/ul><h4 data-start=\"2193\" data-end=\"2215\"><strong>Wettbewerbsrecht<\/strong><\/h4><p data-start=\"2217\" data-end=\"2374\">In einer Branche, die durch hohe Markteintrittsbarrieren und intensive F&amp;E-Kooperationen gepr\u00e4gt ist, spielt das Wettbewerbsrecht eine entscheidende Rolle.<\/p><p data-start=\"2376\" data-end=\"2393\">Wir beraten zu:<\/p><ul data-start=\"2395\" data-end=\"2588\"><li data-start=\"2395\" data-end=\"2425\"><p data-start=\"2397\" data-end=\"2425\">Risiken nach Art. 101 AEUV<\/p><\/li><li data-start=\"2426\" data-end=\"2456\"><p data-start=\"2428\" data-end=\"2456\">Risiken nach Art. 102 AEUV<\/p><\/li><li data-start=\"2457\" data-end=\"2503\"><p data-start=\"2459\" data-end=\"2503\">Fusionskontrollrechtlichen Fragestellungen<\/p><\/li><li data-start=\"2504\" data-end=\"2543\"><p data-start=\"2506\" data-end=\"2543\">Strukturierung von Partnerschaften,<\/p><\/li><li data-start=\"2544\" data-end=\"2566\"><p data-start=\"2546\" data-end=\"2566\">Joint Ventures und<\/p><\/li><li data-start=\"2567\" data-end=\"2588\"><p data-start=\"2569\" data-end=\"2588\">Vertriebsmodellen<\/p><\/li><\/ul><p data-start=\"2590\" data-end=\"2720\">um die Belastung durch kartellrechtliche \u00dcberpr\u00fcfung zu minimieren und gleichzeitig die unternehmerische Flexibilit\u00e4t zu wahren.<\/p>\t\t\t\t\t\t\t\t<\/div>\n\t\t\t\t<\/div>\n\t\t<div class=\"elementor-element elementor-element-093a004 e-con-full e-flex e-con e-child\" data-id=\"093a004\" data-element_type=\"container\" data-e-type=\"container\" data-settings=\"{&quot;background_background&quot;:&quot;classic&quot;}\">\n\t\t\t\t<div class=\"elementor-element elementor-element-b6f6e88 elementor-widget elementor-widget-heading\" data-id=\"b6f6e88\" data-element_type=\"widget\" data-e-type=\"widget\" data-widget_type=\"heading.default\">\n\t\t\t\t\t<h2 class=\"elementor-heading-title elementor-size-default\">Contact us Now!<\/h2>\t\t\t\t<\/div>\n\t\t\t\t<div class=\"elementor-element elementor-element-9d77502 elementor-button-align-stretch elementor-widget elementor-widget-form\" data-id=\"9d77502\" data-element_type=\"widget\" data-e-type=\"widget\" data-settings=\"{&quot;step_next_label&quot;:&quot;Next&quot;,&quot;step_previous_label&quot;:&quot;Previous&quot;,&quot;button_width&quot;:&quot;100&quot;,&quot;step_type&quot;:&quot;number_text&quot;,&quot;step_icon_shape&quot;:&quot;circle&quot;}\" data-widget_type=\"form.default\">\n\t\t\t\t\t\t\t<form class=\"elementor-form\" method=\"post\" name=\"Contacto\" aria-label=\"Contacto\">\n\t\t\t<input type=\"hidden\" name=\"post_id\" value=\"3564\"\/>\n\t\t\t<input type=\"hidden\" name=\"form_id\" value=\"9d77502\"\/>\n\t\t\t<input type=\"hidden\" name=\"referer_title\" value=\"Pharma- und Life-Science-Industrie\" \/>\n\n\t\t\t\n\t\t\t<div class=\"elementor-form-fields-wrapper elementor-labels-\">\n\t\t\t\t\t\t\t\t<div class=\"elementor-field-type-text elementor-field-group elementor-column elementor-field-group-name elementor-col-100 elementor-field-required\">\n\t\t\t\t\t\t\t\t\t\t\t\t<label for=\"form-field-name\" class=\"elementor-field-label elementor-screen-only\">\n\t\t\t\t\t\t\t\tName\t\t\t\t\t\t\t<\/label>\n\t\t\t\t\t\t\t\t\t\t\t\t\t\t<input size=\"1\" type=\"text\" name=\"form_fields[name]\" id=\"form-field-name\" class=\"elementor-field elementor-size-sm  elementor-field-textual\" placeholder=\"First &amp; Last Name\" required=\"required\">\n\t\t\t\t\t\t\t\t\t\t\t<\/div>\n\t\t\t\t\t\t\t\t<div class=\"elementor-field-type-email elementor-field-group elementor-column elementor-field-group-email elementor-col-100 elementor-field-required\">\n\t\t\t\t\t\t\t\t\t\t\t\t<label for=\"form-field-email\" class=\"elementor-field-label elementor-screen-only\">\n\t\t\t\t\t\t\t\tEmail\t\t\t\t\t\t\t<\/label>\n\t\t\t\t\t\t\t\t\t\t\t\t\t\t<input size=\"1\" type=\"email\" name=\"form_fields[email]\" id=\"form-field-email\" class=\"elementor-field elementor-size-sm  elementor-field-textual\" placeholder=\"Company Email\" required=\"required\">\n\t\t\t\t\t\t\t\t\t\t\t<\/div>\n\t\t\t\t\t\t\t\t<div class=\"elementor-field-type-text elementor-field-group elementor-column elementor-field-group-company_name elementor-col-100 elementor-field-required\">\n\t\t\t\t\t\t\t\t\t\t\t\t<label for=\"form-field-company_name\" class=\"elementor-field-label elementor-screen-only\">\n\t\t\t\t\t\t\t\tCompany Name\t\t\t\t\t\t\t<\/label>\n\t\t\t\t\t\t\t\t\t\t\t\t\t\t<input size=\"1\" type=\"text\" name=\"form_fields[company_name]\" id=\"form-field-company_name\" class=\"elementor-field elementor-size-sm  elementor-field-textual\" placeholder=\"Company Name\" required=\"required\">\n\t\t\t\t\t\t\t\t\t\t\t<\/div>\n\t\t\t\t\t\t\t\t<div class=\"elementor-field-type-number elementor-field-group elementor-column elementor-field-group-number elementor-col-100 elementor-field-required\">\n\t\t\t\t\t\t\t\t\t\t\t\t<label for=\"form-field-number\" class=\"elementor-field-label elementor-screen-only\">\n\t\t\t\t\t\t\t\tPhone Number\t\t\t\t\t\t\t<\/label>\n\t\t\t\t\t\t\t\t\t<input type=\"number\" name=\"form_fields[number]\" id=\"form-field-number\" class=\"elementor-field elementor-size-sm  elementor-field-textual\" placeholder=\"Phone Number\" required=\"required\" min=\"\" max=\"\" >\n\t\t\t\t\t\t<\/div>\n\t\t\t\t\t\t\t\t<div class=\"elementor-field-type-textarea elementor-field-group elementor-column elementor-field-group-message elementor-col-100 elementor-field-required\">\n\t\t\t\t\t\t\t\t\t\t\t\t<label for=\"form-field-message\" class=\"elementor-field-label elementor-screen-only\">\n\t\t\t\t\t\t\t\tMessage\t\t\t\t\t\t\t<\/label>\n\t\t\t\t\t\t<textarea class=\"elementor-field-textual elementor-field  elementor-size-sm\" name=\"form_fields[message]\" id=\"form-field-message\" rows=\"4\" placeholder=\"What do you need help with?\" required=\"required\"><\/textarea>\t\t\t\t<\/div>\n\t\t\t\t\t\t\t\t<div class=\"elementor-field-type-acceptance elementor-field-group elementor-column elementor-field-group-field_5db2651 elementor-col-100 elementor-field-required\">\n\t\t\t\t\t\t\t<div class=\"elementor-field-subgroup\">\n\t\t\t<span class=\"elementor-field-option\">\n\t\t\t\t<input type=\"checkbox\" name=\"form_fields[field_5db2651]\" id=\"form-field-field_5db2651\" class=\"elementor-field elementor-size-sm  elementor-acceptance-field\" required=\"required\">\n\t\t\t\t<label for=\"form-field-field_5db2651\">I agree to the use of my personal data as outlined in the <a href=\"https:\/\/www.kubiack.com\/privacy-policy\/\" target=\"_blank\" rel=\"noopener noreferrer\">Privacy Policy<\/a><\/label>\t\t\t<\/span>\n\t\t<\/div>\n\t\t\t\t\t\t<\/div>\n\t\t\t\t\t\t\t\t<div class=\"elementor-field-type-recaptcha_v3 elementor-field-group elementor-column elementor-field-group-field_a568e61 elementor-col-100 recaptcha_v3-bottomright\">\n\t\t\t\t\t<div class=\"elementor-field\" id=\"form-field-field_a568e61\"><div class=\"elementor-g-recaptcha\" data-sitekey=\"6LfKCOIqAAAAANFVBmBckoPDa_Xy7ayJaStiwx3e\" data-type=\"v3\" data-action=\"Form\" data-badge=\"bottomright\" data-size=\"invisible\"><\/div><\/div>\t\t\t\t<\/div>\n\t\t\t\t\t\t\t\t<div class=\"elementor-field-group elementor-column elementor-field-type-submit elementor-col-100 e-form__buttons\">\n\t\t\t\t\t<button class=\"elementor-button elementor-size-sm elementor-animation-shrink\" type=\"submit\">\n\t\t\t\t\t\t<span class=\"elementor-button-content-wrapper\">\n\t\t\t\t\t\t\t\t\t\t\t\t\t\t\t\t\t\t\t\t\t\t<span class=\"elementor-button-text\">Send<\/span>\n\t\t\t\t\t\t\t\t\t\t\t\t\t<\/span>\n\t\t\t\t\t<\/button>\n\t\t\t\t<\/div>\n\t\t\t<\/div>\n\t\t<\/form>\n\t\t\t\t\t\t<\/div>\n\t\t\t\t<\/div>\n\t\t\t\t\t<\/div>\n\t\t\t\t<\/div>\n\t\t<div class=\"elementor-element elementor-element-f71797a e-flex e-con-boxed e-con e-parent\" data-id=\"f71797a\" data-element_type=\"container\" data-e-type=\"container\">\n\t\t\t\t\t<div class=\"e-con-inner\">\n\t\t<div class=\"elementor-element elementor-element-2d08d4e e-con-full e-flex e-con e-child\" data-id=\"2d08d4e\" data-element_type=\"container\" data-e-type=\"container\">\n\t\t\t\t<div class=\"elementor-element elementor-element-b9f92e1 elementor-widget elementor-widget-text-editor\" data-id=\"b9f92e1\" data-element_type=\"widget\" data-e-type=\"widget\" data-widget_type=\"text-editor.default\">\n\t\t\t\t\t\t\t\t\t<h4 data-start=\"59\" data-end=\"100\"><strong>Datenschutz und digitale Compliance<\/strong><\/h4><p data-start=\"102\" data-end=\"324\">Pharmazeutische Unternehmen st\u00fctzen sich zunehmend auf Compliance-Software, um sensible Informationen zu verwalten \u2013 insbesondere die personenbezogenen Daten, die in Individual Case Safety Reports (ICSRs) enthalten sind.<\/p><p data-start=\"326\" data-end=\"647\">Nach der DSGVO gelten strenge Verpflichtungen f\u00fcr die Erhebung, Verarbeitung, Speicherung und \u00dcbermittlung solcher Daten, einschlie\u00dflich besonderer Kategorien von Gesundheitsdaten. Dies ist besonders relevant, wenn Sicherheitsdaten \u00fcber automatisierte Plattformen verarbeitet oder grenz\u00fcberschreitend \u00fcbertragen werden.<\/p><p data-start=\"649\" data-end=\"906\">Wir beraten bei der <strong>Konzeption<\/strong> und dem Betrieb <strong>DSGVO-konformer Pharmakovigilanz- und Compliance-Systeme<\/strong> und decken dabei Themen wie Rechtsgrundlagen der Verarbeitung, Datenminimierung, Aufbewahrung, Sicherheitsma\u00dfnahmen und Vertr\u00e4ge mit Dienstleistern ab.<\/p><p data-start=\"908\" data-end=\"1156\">Wo <strong>K\u00fcnstliche Intelligenz<\/strong> zur <strong>Unterst\u00fctzung der Pharmakovigilanz oder der Risikodetektion<\/strong> eingesetzt wird, ber\u00fccksichtigen wir sowohl die DSGVO als auch den EU AI Act, um Transparenz, Rechenschaftspflicht und menschliche Aufsicht sicherzustellen.<\/p><h4 data-start=\"1163\" data-end=\"1207\">Blockchain und digitale Verm\u00f6genswerte<\/h4><p data-start=\"1209\" data-end=\"1668\">Die Blockchain-Technologie wird zunehmend eingesetzt, um die Integrit\u00e4t von Lieferketten zu st\u00e4rken, die Transparenz klinischer Studien zu gew\u00e4hrleisten und die R\u00fcckverfolgbarkeit von Daten zu verbessern. Wir beraten zu den rechtlichen Implikationen blockchain-basierter L\u00f6sungen, einschlie\u00dflich Smart Contracts und Tokenisierung, und stellen sicher, dass Innovationen in diesem Bereich innerhalb robuster regulatorischer Rahmenbedingungen umgesetzt werden.<\/p>\t\t\t\t\t\t\t\t<\/div>\n\t\t\t\t<\/div>\n\t\t<div class=\"elementor-element elementor-element-f92549a e-con-full elementor-hidden-tablet elementor-hidden-mobile e-flex e-con e-child\" data-id=\"f92549a\" data-element_type=\"container\" data-e-type=\"container\">\n\t\t\t\t<div class=\"elementor-element elementor-element-4186c0a elementor-widget elementor-widget-wp-widget-recent-posts\" data-id=\"4186c0a\" data-element_type=\"widget\" data-e-type=\"widget\" data-widget_type=\"wp-widget-recent-posts.default\">\n\t\t\t\t<div class=\"elementor-widget-container\">\n\t\t\t\t\t\n\t\t\n\t\t<h5>Our Legal Insights Blog<\/h5><nav aria-label=\"Our Legal Insights Blog\">\n\t\t<ul>\n\t\t\t\t\t\t\t\t\t\t\t<li>\n\t\t\t\t\t<a href=\"https:\/\/www.kubiack.com\/de\/genai-nutzerinhalte-plattformhaftung-und-grundrechte\/\">GenAI-Nutzerinhalte, Plattformhaftung und Grundrechte<\/a>\n\t\t\t\t\t\t\t\t\t<\/li>\n\t\t\t\t\t\t\t\t\t\t\t<li>\n\t\t\t\t\t<a href=\"https:\/\/www.kubiack.com\/de\/generative-ki-vor-gericht-teil-3\/\">Generative KI vor Gericht \u2013 Teil 3<\/a>\n\t\t\t\t\t\t\t\t\t<\/li>\n\t\t\t\t\t\t\t\t\t\t\t<li>\n\t\t\t\t\t<a href=\"https:\/\/www.kubiack.com\/de\/widerlaufige-ansatze-zu-ki-training-und-urheberrecht-gema-und-openai-deutschland-versus-getty-images-und-stability-ai-england\/\">Widerl\u00e4ufige Ans\u00e4tze zu KI, Training und Urheberrecht: Gema und OpenAI (Deutschland) versus Getty Images und Stability AI (England)<\/a>\n\t\t\t\t\t\t\t\t\t<\/li>\n\t\t\t\t\t\t\t\t\t\t\t<li>\n\t\t\t\t\t<a href=\"https:\/\/www.kubiack.com\/de\/generative-ki-vor-gericht-teil-2\/\">Generative KI vor Gericht \u2013 Teil 2<\/a>\n\t\t\t\t\t\t\t\t\t<\/li>\n\t\t\t\t\t\t\t\t\t\t\t<li>\n\t\t\t\t\t<a href=\"https:\/\/www.kubiack.com\/de\/apple-der-app-store-und-das-uk-wettbewerbsrecht-kent-v-apple-2025-cat-67\/\">Apple, der App Store und das UK Wettbewerbsrecht: Kent v Apple [2025] CAT 67<\/a>\n\t\t\t\t\t\t\t\t\t<\/li>\n\t\t\t\t\t<\/ul>\n\n\t\t<\/nav>\t\t\t\t<\/div>\n\t\t\t\t<\/div>\n\t\t\t\t<\/div>\n\t\t\t\t\t<\/div>\n\t\t\t\t<\/div>\n\t\t<div class=\"elementor-element elementor-element-fa7bb93 e-flex e-con-boxed e-con e-parent\" data-id=\"fa7bb93\" data-element_type=\"container\" data-e-type=\"container\" data-settings=\"{&quot;background_background&quot;:&quot;classic&quot;}\">\n\t\t\t\t\t<div class=\"e-con-inner\">\n\t\t\t\t\t<\/div>\n\t\t\t\t<\/div>\n\t\t\t\t<\/div>\n\t\t ","protected":false},"excerpt":{"rendered":"<p>Pharma &amp; Life Science Industry Compliance in a Transforming Pharmaceutical Sector The pharmaceutical industry is undergoing profound change, driven by technological innovation, increasing regulatory complexity, and heightened societal expectations. From artificial intelligence and blockchain to data governance and patient safety, companies must navigate a landscape where compliance, innovation, and market access are closely intertwined. EU [&hellip;]<\/p>\n","protected":false},"author":2,"featured_media":0,"parent":0,"menu_order":0,"comment_status":"closed","ping_status":"closed","template":"","meta":{"footnotes":""},"class_list":["post-3564","page","type-page","status-publish","hentry"],"yoast_head":"<!-- This site is optimized with the Yoast SEO plugin v27.3 - https:\/\/yoast.com\/product\/yoast-seo-wordpress\/ -->\n<title>Pharma- und Life-Science-Industrie<\/title>\n<meta name=\"robots\" content=\"index, follow, max-snippet:-1, max-image-preview:large, max-video-preview:-1\" \/>\n<meta property=\"og:locale\" content=\"de_DE\" \/>\n<meta property=\"og:type\" content=\"article\" \/>\n<meta property=\"og:title\" content=\"Pharma- und Life-Science-Industrie\" \/>\n<meta property=\"og:url\" content=\"https:\/\/www.kubiack.com\/de\/pharma-und-life-science-industrie\/\" \/>\n<meta property=\"og:site_name\" content=\"Kubiack Law\" \/>\n<meta property=\"article:modified_time\" content=\"2025-08-28T10:06:51+00:00\" \/>\n<meta name=\"twitter:card\" content=\"summary_large_image\" \/>\n<meta name=\"twitter:label1\" content=\"Gesch\u00e4tzte Lesezeit\" \/>\n\t<meta name=\"twitter:data1\" content=\"1\u00a0Minute\" \/>\n<script type=\"application\/ld+json\" class=\"yoast-schema-graph\">{\"@context\":\"https:\\\/\\\/schema.org\",\"@graph\":[{\"@type\":\"WebPage\",\"@id\":\"https:\\\/\\\/www.kubiack.com\\\/de\\\/pharma-und-life-science-industrie\\\/\",\"url\":\"https:\\\/\\\/www.kubiack.com\\\/de\\\/pharma-und-life-science-industrie\\\/\",\"name\":\"Pharma & Life Sciences - Kubiack Law\",\"isPartOf\":{\"@id\":\"https:\\\/\\\/www.kubiack.com\\\/#website\"},\"datePublished\":\"2025-08-28T10:01:24+00:00\",\"dateModified\":\"2025-08-28T10:06:51+00:00\",\"breadcrumb\":{\"@id\":\"https:\\\/\\\/www.kubiack.com\\\/de\\\/pharma-und-life-science-industrie\\\/#breadcrumb\"},\"inLanguage\":\"de\",\"potentialAction\":[{\"@type\":\"ReadAction\",\"target\":[\"https:\\\/\\\/www.kubiack.com\\\/de\\\/pharma-und-life-science-industrie\\\/\"]}]},{\"@type\":\"BreadcrumbList\",\"@id\":\"https:\\\/\\\/www.kubiack.com\\\/de\\\/pharma-und-life-science-industrie\\\/#breadcrumb\",\"itemListElement\":[{\"@type\":\"ListItem\",\"position\":1,\"name\":\"Home\",\"item\":\"https:\\\/\\\/www.kubiack.com\\\/\"},{\"@type\":\"ListItem\",\"position\":2,\"name\":\"Pharma- und Life-Science-Industrie\"}]},{\"@type\":\"WebSite\",\"@id\":\"https:\\\/\\\/www.kubiack.com\\\/de\\\/#website\",\"url\":\"https:\\\/\\\/www.kubiack.com\\\/de\\\/\",\"name\":\"Kubiack Law\",\"description\":\"We are guiding technology companies to launch, scale and operate lawfully across the European Single Market\",\"publisher\":{\"@id\":\"https:\\\/\\\/www.kubiack.com\\\/de\\\/#organization\"},\"potentialAction\":[{\"@type\":\"SearchAction\",\"target\":{\"@type\":\"EntryPoint\",\"urlTemplate\":\"https:\\\/\\\/www.kubiack.com\\\/de\\\/?s={search_term_string}\"},\"query-input\":{\"@type\":\"PropertyValueSpecification\",\"valueRequired\":true,\"valueName\":\"search_term_string\"}}],\"inLanguage\":\"de\"},{\"@type\":\"Organization\",\"@id\":\"https:\\\/\\\/www.kubiack.com\\\/de\\\/#organization\",\"name\":\"Kubiack Law\",\"url\":\"https:\\\/\\\/www.kubiack.com\\\/de\\\/\",\"logo\":{\"@type\":\"ImageObject\",\"inLanguage\":\"de\",\"@id\":\"https:\\\/\\\/www.kubiack.com\\\/de\\\/#\\\/schema\\\/logo\\\/image\\\/\",\"url\":\"https:\\\/\\\/www.kubiack.com\\\/wp-content\\\/uploads\\\/2025\\\/02\\\/Kubiack-Technology-legal-consulting-law-european-union-e1740494325494.png\",\"contentUrl\":\"https:\\\/\\\/www.kubiack.com\\\/wp-content\\\/uploads\\\/2025\\\/02\\\/Kubiack-Technology-legal-consulting-law-european-union-e1740494325494.png\",\"width\":291,\"height\":77,\"caption\":\"Kubiack Law\"},\"image\":{\"@id\":\"https:\\\/\\\/www.kubiack.com\\\/de\\\/#\\\/schema\\\/logo\\\/image\\\/\"},\"sameAs\":[\"https:\\\/\\\/www.linkedin.com\\\/company\\\/kubiack-law\\\/\"]}]}<\/script>\n<!-- \/ Yoast SEO plugin. -->","yoast_head_json":{"title":"Pharma- und Life-Science-Industrie","robots":{"index":"index","follow":"follow","max-snippet":"max-snippet:-1","max-image-preview":"max-image-preview:large","max-video-preview":"max-video-preview:-1"},"og_locale":"de_DE","og_type":"article","og_title":"Pharma- und Life-Science-Industrie","og_url":"https:\/\/www.kubiack.com\/de\/pharma-und-life-science-industrie\/","og_site_name":"Kubiack Law","article_modified_time":"2025-08-28T10:06:51+00:00","twitter_card":"summary_large_image","twitter_misc":{"Gesch\u00e4tzte Lesezeit":"1\u00a0Minute"},"schema":{"@context":"https:\/\/schema.org","@graph":[{"@type":"WebPage","@id":"https:\/\/www.kubiack.com\/de\/pharma-und-life-science-industrie\/","url":"https:\/\/www.kubiack.com\/de\/pharma-und-life-science-industrie\/","name":"Pharma & Life Sciences - Kubiack Law","isPartOf":{"@id":"https:\/\/www.kubiack.com\/#website"},"datePublished":"2025-08-28T10:01:24+00:00","dateModified":"2025-08-28T10:06:51+00:00","breadcrumb":{"@id":"https:\/\/www.kubiack.com\/de\/pharma-und-life-science-industrie\/#breadcrumb"},"inLanguage":"de","potentialAction":[{"@type":"ReadAction","target":["https:\/\/www.kubiack.com\/de\/pharma-und-life-science-industrie\/"]}]},{"@type":"BreadcrumbList","@id":"https:\/\/www.kubiack.com\/de\/pharma-und-life-science-industrie\/#breadcrumb","itemListElement":[{"@type":"ListItem","position":1,"name":"Home","item":"https:\/\/www.kubiack.com\/"},{"@type":"ListItem","position":2,"name":"Pharma- und Life-Science-Industrie"}]},{"@type":"WebSite","@id":"https:\/\/www.kubiack.com\/de\/#website","url":"https:\/\/www.kubiack.com\/de\/","name":"Kubiack Law","description":"We are guiding technology companies to launch, scale and operate lawfully across the European Single Market","publisher":{"@id":"https:\/\/www.kubiack.com\/de\/#organization"},"potentialAction":[{"@type":"SearchAction","target":{"@type":"EntryPoint","urlTemplate":"https:\/\/www.kubiack.com\/de\/?s={search_term_string}"},"query-input":{"@type":"PropertyValueSpecification","valueRequired":true,"valueName":"search_term_string"}}],"inLanguage":"de"},{"@type":"Organization","@id":"https:\/\/www.kubiack.com\/de\/#organization","name":"Kubiack Law","url":"https:\/\/www.kubiack.com\/de\/","logo":{"@type":"ImageObject","inLanguage":"de","@id":"https:\/\/www.kubiack.com\/de\/#\/schema\/logo\/image\/","url":"https:\/\/www.kubiack.com\/wp-content\/uploads\/2025\/02\/Kubiack-Technology-legal-consulting-law-european-union-e1740494325494.png","contentUrl":"https:\/\/www.kubiack.com\/wp-content\/uploads\/2025\/02\/Kubiack-Technology-legal-consulting-law-european-union-e1740494325494.png","width":291,"height":77,"caption":"Kubiack Law"},"image":{"@id":"https:\/\/www.kubiack.com\/de\/#\/schema\/logo\/image\/"},"sameAs":["https:\/\/www.linkedin.com\/company\/kubiack-law\/"]}]}},"_links":{"self":[{"href":"https:\/\/www.kubiack.com\/de\/wp-json\/wp\/v2\/pages\/3564","targetHints":{"allow":["GET"]}}],"collection":[{"href":"https:\/\/www.kubiack.com\/de\/wp-json\/wp\/v2\/pages"}],"about":[{"href":"https:\/\/www.kubiack.com\/de\/wp-json\/wp\/v2\/types\/page"}],"author":[{"embeddable":true,"href":"https:\/\/www.kubiack.com\/de\/wp-json\/wp\/v2\/users\/2"}],"replies":[{"embeddable":true,"href":"https:\/\/www.kubiack.com\/de\/wp-json\/wp\/v2\/comments?post=3564"}],"version-history":[{"count":30,"href":"https:\/\/www.kubiack.com\/de\/wp-json\/wp\/v2\/pages\/3564\/revisions"}],"predecessor-version":[{"id":3596,"href":"https:\/\/www.kubiack.com\/de\/wp-json\/wp\/v2\/pages\/3564\/revisions\/3596"}],"wp:attachment":[{"href":"https:\/\/www.kubiack.com\/de\/wp-json\/wp\/v2\/media?parent=3564"}],"curies":[{"name":"wp","href":"https:\/\/api.w.org\/{rel}","templated":true}]}}