{"id":3394,"date":"2025-08-26T15:04:12","date_gmt":"2025-08-26T15:04:12","guid":{"rendered":"https:\/\/www.kubiack.com\/?page_id=3394"},"modified":"2025-08-28T11:22:28","modified_gmt":"2025-08-28T11:22:28","slug":"legal-radar","status":"publish","type":"page","link":"https:\/\/www.kubiack.com\/de\/legal-radar-eu-rechts-risiko-monitoring\/","title":{"rendered":"Legal Radar: EU-Rechts- & Risiko-Monitoring"},"content":{"rendered":"\t\t<div data-elementor-type=\"wp-page\" data-elementor-id=\"3394\" class=\"elementor elementor-3394\" data-elementor-post-type=\"page\">\n\t\t\t\t<div class=\"elementor-element elementor-element-367e4cb e-flex e-con-boxed e-con e-parent\" data-id=\"367e4cb\" data-element_type=\"container\" data-e-type=\"container\" data-settings=\"{&quot;background_background&quot;:&quot;classic&quot;}\">\n\t\t\t\t\t<div class=\"e-con-inner\">\n\t\t\t\t<div class=\"elementor-element elementor-element-b8906fd elementor-widget elementor-widget-heading\" data-id=\"b8906fd\" data-element_type=\"widget\" data-e-type=\"widget\" data-widget_type=\"heading.default\">\n\t\t\t\t\t<h2 class=\"elementor-heading-title elementor-size-default\">Legal Radar: EU-Rechts- &amp; Compliance-Risikomonitoring<\/h2>\t\t\t\t<\/div>\n\t\t\t\t\t<\/div>\n\t\t\t\t<\/div>\n\t\t<div class=\"elementor-element elementor-element-da826d3 e-flex e-con-boxed e-con e-parent\" data-id=\"da826d3\" data-element_type=\"container\" data-e-type=\"container\">\n\t\t\t\t\t<div class=\"e-con-inner\">\n\t\t<div class=\"elementor-element elementor-element-d466217 e-con-full e-flex e-con e-child\" data-id=\"d466217\" data-element_type=\"container\" data-e-type=\"container\">\n\t\t\t\t<div class=\"elementor-element elementor-element-fa815b8 elementor-widget elementor-widget-heading\" data-id=\"fa815b8\" data-element_type=\"widget\" data-e-type=\"widget\" data-widget_type=\"heading.default\">\n\t\t\t\t\t<h2 class=\"elementor-heading-title elementor-size-default\">Legal Radar: EU-Rechts- &amp; Risiko-Monitoring<\/h2>\t\t\t\t<\/div>\n\t\t\t\t<div class=\"elementor-element elementor-element-ceb97ed elementor-widget elementor-widget-text-editor\" data-id=\"ceb97ed\" data-element_type=\"widget\" data-e-type=\"widget\" data-widget_type=\"text-editor.default\">\n\t\t\t\t\t\t\t\t\t<p data-start=\"222\" data-end=\"659\">Der europ\u00e4ische Rechtsrahmen f\u00fcr Technologie- und Digitalm\u00e4rkte entwickelt sich rasant weiter. Neue Gesetze, regulatorische Vorgaben und Gerichtsentscheidungen treten immer h\u00e4ufiger in Kraft und k\u00f6nnen Ihr Gesch\u00e4ft und Ihre Compliance-Pflichten direkt beeinflussen. In diesem dynamischen Umfeld ist ein professionelles Monitoring von EU- Policy und Rechtsentwicklungen unerl\u00e4sslich.<\/p><p data-start=\"661\" data-end=\"885\"><strong data-start=\"661\" data-end=\"676\">Legal Radar<\/strong> ist unser Abo-Dienst f\u00fcr Rechts-Monitoring. Wir liefern Ihnen aktuelle, praxisnahe Informationen, mit denen Sie rechtliche und gesch\u00e4ftliche Risiken minimieren und Ihre Compliance zuverl\u00e4ssig sicherstellen.<\/p><h4 data-start=\"887\" data-end=\"904\"><strong>Ihre Vorteile<\/strong><\/h4><ol><li data-start=\"905\" data-end=\"995\"><strong data-start=\"905\" data-end=\"940\">Zweiw\u00f6chentlicher E-Mail-Digest<\/strong><br data-start=\"940\" data-end=\"943\" \/>Kompakte Updates zu den neuesten Entwicklungen in:<\/li><\/ol><ul><li style=\"list-style-type: none;\"><ul><li data-start=\"998\" data-end=\"1023\"><strong><strong>K\u00fcnstlicher Intelligenz<\/strong><\/strong><\/li><li data-start=\"998\" data-end=\"1023\"><strong><strong>Geistigem Eigentum<\/strong><\/strong><\/li><li data-start=\"998\" data-end=\"1023\"><strong><strong>Wettbewerbsrecht<\/strong><\/strong><\/li><li data-start=\"998\" data-end=\"1023\"><strong><strong>Datenschutz<\/strong><\/strong><\/li><li data-start=\"998\" data-end=\"1023\"><strong><strong>Krypto &amp; Blockchain<\/strong><\/strong><\/li><li data-start=\"998\" data-end=\"1023\"><strong>Regulierung digitaler M\u00e4rkte<\/strong><\/li><\/ul><\/li><\/ul><ol><li style=\"list-style-type: none;\">\u00a0<\/li><li data-start=\"1142\" data-end=\"1243\"><strong data-start=\"1142\" data-end=\"1169\">Kritische Warnmeldungen<\/strong><br data-start=\"1169\" data-end=\"1172\" \/>Unverz\u00fcgliche Benachrichtigungen bei besonders relevanten \u00c4nderungen.<br \/><br \/><\/li><li data-start=\"1245\" data-end=\"1347\"><strong data-start=\"1245\" data-end=\"1281\">Praktische Handlungsempfehlungen<\/strong><br data-start=\"1281\" data-end=\"1284\" \/>Kurz, verst\u00e4ndlich und direkt auf Ihr Gesch\u00e4ft zugeschnitten.<\/li><\/ol><ul><li style=\"list-style-type: none;\">\u00a0<\/li><\/ul><h4 data-start=\"1349\" data-end=\"1371\"><strong>Warum Legal Radar?<\/strong><\/h4><ul><li style=\"list-style-type: none;\"><ul data-start=\"1372\" data-end=\"1754\"><li data-start=\"1372\" data-end=\"1465\"><p data-start=\"1374\" data-end=\"1465\"><strong data-start=\"1374\" data-end=\"1400\">Rechtskonform bleiben:<\/strong> Behalten Sie den \u00dcberblick \u00fcber sich ver\u00e4ndernde Vorschriften.<\/p><\/li><li data-start=\"1466\" data-end=\"1554\"><p data-start=\"1468\" data-end=\"1554\"><strong data-start=\"1468\" data-end=\"1484\">Zeit sparen:<\/strong> Komplexe Rechts\u00e4nderungen auf den Punkt gebracht \u2013 ohne Aktenberge.<\/p><\/li><li data-start=\"1555\" data-end=\"1656\"><p data-start=\"1557\" data-end=\"1656\"><strong data-start=\"1557\" data-end=\"1580\">Risiken reduzieren:<\/strong> Handeln Sie fr\u00fchzeitig, bevor neue Vorgaben Ihr Gesch\u00e4ft beeintr\u00e4chtigen.<\/p><\/li><li data-start=\"1657\" data-end=\"1754\"><p data-start=\"1659\" data-end=\"1754\"><strong data-start=\"1659\" data-end=\"1686\">Experteneinsch\u00e4tzungen:<\/strong> Klare, praxisnahe Erl\u00e4uterungen zu neuen Regelungen und Urteilen.<\/p><\/li><\/ul><\/li><\/ul><ul><li style=\"list-style-type: none;\">\u00a0<\/li><\/ul><p data-start=\"1971\" data-end=\"2124\"><strong data-start=\"1971\" data-end=\"2022\">Legal Radar \u2013 <\/strong>Recht im Blick, Zukunft im Fokus. So k\u00f6nnen Sie sich ganz auf Innovation konzentrieren und bleiben gleichzeitig bestens informiert.<\/p><p data-start=\"1971\" data-end=\"2124\"><strong><a href=\"https:\/\/www.kubiack.com\/de\/kontakt\/\">Kontaktieren<\/a><\/strong> Sie uns jetzt und finden Sie das passende Monitoring-Paket f\u00fcr Ihr Unternehmen.<\/p>\t\t\t\t\t\t\t\t<\/div>\n\t\t\t\t<\/div>\n\t\t<div class=\"elementor-element elementor-element-093a004 e-con-full e-flex e-con e-child\" data-id=\"093a004\" data-element_type=\"container\" data-e-type=\"container\" data-settings=\"{&quot;background_background&quot;:&quot;classic&quot;}\">\n\t\t\t\t<div class=\"elementor-element elementor-element-b6f6e88 elementor-widget elementor-widget-heading\" data-id=\"b6f6e88\" data-element_type=\"widget\" data-e-type=\"widget\" data-widget_type=\"heading.default\">\n\t\t\t\t\t<h2 class=\"elementor-heading-title elementor-size-default\">Contact us Now!<\/h2>\t\t\t\t<\/div>\n\t\t\t\t<div class=\"elementor-element elementor-element-9d77502 elementor-button-align-stretch elementor-widget elementor-widget-form\" data-id=\"9d77502\" data-element_type=\"widget\" data-e-type=\"widget\" data-settings=\"{&quot;step_next_label&quot;:&quot;Next&quot;,&quot;step_previous_label&quot;:&quot;Previous&quot;,&quot;button_width&quot;:&quot;100&quot;,&quot;step_type&quot;:&quot;number_text&quot;,&quot;step_icon_shape&quot;:&quot;circle&quot;}\" data-widget_type=\"form.default\">\n\t\t\t\t\t\t\t<form class=\"elementor-form\" method=\"post\" name=\"Contacto\" aria-label=\"Contacto\">\n\t\t\t<input type=\"hidden\" name=\"post_id\" value=\"3394\"\/>\n\t\t\t<input type=\"hidden\" name=\"form_id\" value=\"9d77502\"\/>\n\t\t\t<input type=\"hidden\" name=\"referer_title\" value=\"Legal Radar: EU-Rechts- &amp; Risiko-Monitoring\" \/>\n\n\t\t\t\n\t\t\t<div class=\"elementor-form-fields-wrapper elementor-labels-\">\n\t\t\t\t\t\t\t\t<div class=\"elementor-field-type-text elementor-field-group elementor-column elementor-field-group-name elementor-col-100 elementor-field-required\">\n\t\t\t\t\t\t\t\t\t\t\t\t<label for=\"form-field-name\" class=\"elementor-field-label elementor-screen-only\">\n\t\t\t\t\t\t\t\tName\t\t\t\t\t\t\t<\/label>\n\t\t\t\t\t\t\t\t\t\t\t\t\t\t<input size=\"1\" type=\"text\" name=\"form_fields[name]\" id=\"form-field-name\" class=\"elementor-field elementor-size-sm  elementor-field-textual\" placeholder=\"First &amp; Last Name\" required=\"required\">\n\t\t\t\t\t\t\t\t\t\t\t<\/div>\n\t\t\t\t\t\t\t\t<div class=\"elementor-field-type-email elementor-field-group elementor-column elementor-field-group-email elementor-col-100 elementor-field-required\">\n\t\t\t\t\t\t\t\t\t\t\t\t<label for=\"form-field-email\" class=\"elementor-field-label elementor-screen-only\">\n\t\t\t\t\t\t\t\tEmail\t\t\t\t\t\t\t<\/label>\n\t\t\t\t\t\t\t\t\t\t\t\t\t\t<input size=\"1\" type=\"email\" name=\"form_fields[email]\" id=\"form-field-email\" class=\"elementor-field elementor-size-sm  elementor-field-textual\" placeholder=\"Company Email\" required=\"required\">\n\t\t\t\t\t\t\t\t\t\t\t<\/div>\n\t\t\t\t\t\t\t\t<div class=\"elementor-field-type-text elementor-field-group elementor-column elementor-field-group-company_name elementor-col-100 elementor-field-required\">\n\t\t\t\t\t\t\t\t\t\t\t\t<label for=\"form-field-company_name\" class=\"elementor-field-label elementor-screen-only\">\n\t\t\t\t\t\t\t\tCompany Name\t\t\t\t\t\t\t<\/label>\n\t\t\t\t\t\t\t\t\t\t\t\t\t\t<input size=\"1\" type=\"text\" name=\"form_fields[company_name]\" id=\"form-field-company_name\" class=\"elementor-field elementor-size-sm  elementor-field-textual\" placeholder=\"Company Name\" required=\"required\">\n\t\t\t\t\t\t\t\t\t\t\t<\/div>\n\t\t\t\t\t\t\t\t<div class=\"elementor-field-type-number elementor-field-group elementor-column elementor-field-group-number elementor-col-100 elementor-field-required\">\n\t\t\t\t\t\t\t\t\t\t\t\t<label for=\"form-field-number\" class=\"elementor-field-label elementor-screen-only\">\n\t\t\t\t\t\t\t\tPhone Number\t\t\t\t\t\t\t<\/label>\n\t\t\t\t\t\t\t\t\t<input type=\"number\" name=\"form_fields[number]\" id=\"form-field-number\" class=\"elementor-field elementor-size-sm  elementor-field-textual\" placeholder=\"Phone Number\" required=\"required\" min=\"\" max=\"\" >\n\t\t\t\t\t\t<\/div>\n\t\t\t\t\t\t\t\t<div class=\"elementor-field-type-textarea elementor-field-group elementor-column elementor-field-group-message elementor-col-100 elementor-field-required\">\n\t\t\t\t\t\t\t\t\t\t\t\t<label for=\"form-field-message\" class=\"elementor-field-label elementor-screen-only\">\n\t\t\t\t\t\t\t\tMessage\t\t\t\t\t\t\t<\/label>\n\t\t\t\t\t\t<textarea class=\"elementor-field-textual elementor-field  elementor-size-sm\" name=\"form_fields[message]\" id=\"form-field-message\" rows=\"4\" placeholder=\"What do you need help with?\" required=\"required\"><\/textarea>\t\t\t\t<\/div>\n\t\t\t\t\t\t\t\t<div class=\"elementor-field-type-acceptance elementor-field-group elementor-column elementor-field-group-field_5db2651 elementor-col-100 elementor-field-required\">\n\t\t\t\t\t\t\t<div class=\"elementor-field-subgroup\">\n\t\t\t<span class=\"elementor-field-option\">\n\t\t\t\t<input type=\"checkbox\" name=\"form_fields[field_5db2651]\" id=\"form-field-field_5db2651\" class=\"elementor-field elementor-size-sm  elementor-acceptance-field\" required=\"required\">\n\t\t\t\t<label for=\"form-field-field_5db2651\">I agree to the use of my personal data as outlined in the <a href=\"https:\/\/www.kubiack.com\/privacy-policy\/\" target=\"_blank\" rel=\"noopener noreferrer\">Privacy Policy<\/a><\/label>\t\t\t<\/span>\n\t\t<\/div>\n\t\t\t\t\t\t<\/div>\n\t\t\t\t\t\t\t\t<div class=\"elementor-field-type-recaptcha_v3 elementor-field-group elementor-column elementor-field-group-field_a568e61 elementor-col-100 recaptcha_v3-bottomright\">\n\t\t\t\t\t<div class=\"elementor-field\" id=\"form-field-field_a568e61\"><div class=\"elementor-g-recaptcha\" data-sitekey=\"6LfKCOIqAAAAANFVBmBckoPDa_Xy7ayJaStiwx3e\" data-type=\"v3\" data-action=\"Form\" data-badge=\"bottomright\" data-size=\"invisible\"><\/div><\/div>\t\t\t\t<\/div>\n\t\t\t\t\t\t\t\t<div class=\"elementor-field-group elementor-column elementor-field-type-submit elementor-col-100 e-form__buttons\">\n\t\t\t\t\t<button class=\"elementor-button elementor-size-sm elementor-animation-shrink\" type=\"submit\">\n\t\t\t\t\t\t<span class=\"elementor-button-content-wrapper\">\n\t\t\t\t\t\t\t\t\t\t\t\t\t\t\t\t\t\t\t\t\t\t<span class=\"elementor-button-text\">Send<\/span>\n\t\t\t\t\t\t\t\t\t\t\t\t\t<\/span>\n\t\t\t\t\t<\/button>\n\t\t\t\t<\/div>\n\t\t\t<\/div>\n\t\t<\/form>\n\t\t\t\t\t\t<\/div>\n\t\t\t\t<\/div>\n\t\t\t\t\t<\/div>\n\t\t\t\t<\/div>\n\t\t<div class=\"elementor-element elementor-element-f71797a e-flex e-con-boxed e-con e-parent\" data-id=\"f71797a\" data-element_type=\"container\" data-e-type=\"container\">\n\t\t\t\t\t<div class=\"e-con-inner\">\n\t\t<div class=\"elementor-element elementor-element-2d08d4e e-con-full e-flex e-con e-child\" data-id=\"2d08d4e\" data-element_type=\"container\" data-e-type=\"container\">\n\t\t\t\t<\/div>\n\t\t<div class=\"elementor-element elementor-element-f92549a e-con-full elementor-hidden-tablet elementor-hidden-mobile e-flex e-con e-child\" data-id=\"f92549a\" data-element_type=\"container\" data-e-type=\"container\">\n\t\t\t\t<div class=\"elementor-element elementor-element-4186c0a elementor-widget elementor-widget-wp-widget-recent-posts\" data-id=\"4186c0a\" data-element_type=\"widget\" data-e-type=\"widget\" data-widget_type=\"wp-widget-recent-posts.default\">\n\t\t\t\t<div class=\"elementor-widget-container\">\n\t\t\t\t\t\n\t\t\n\t\t<h5>Our Legal Insights Blog<\/h5><nav aria-label=\"Our Legal Insights Blog\">\n\t\t<ul>\n\t\t\t\t\t\t\t\t\t\t\t<li>\n\t\t\t\t\t<a href=\"https:\/\/www.kubiack.com\/de\/genai-nutzerinhalte-plattformhaftung-und-grundrechte\/\">GenAI-Nutzerinhalte, Plattformhaftung und Grundrechte<\/a>\n\t\t\t\t\t\t\t\t\t<\/li>\n\t\t\t\t\t\t\t\t\t\t\t<li>\n\t\t\t\t\t<a href=\"https:\/\/www.kubiack.com\/de\/generative-ki-vor-gericht-teil-3\/\">Generative KI vor Gericht \u2013 Teil 3<\/a>\n\t\t\t\t\t\t\t\t\t<\/li>\n\t\t\t\t\t\t\t\t\t\t\t<li>\n\t\t\t\t\t<a href=\"https:\/\/www.kubiack.com\/de\/widerlaufige-ansatze-zu-ki-training-und-urheberrecht-gema-und-openai-deutschland-versus-getty-images-und-stability-ai-england\/\">Widerl\u00e4ufige Ans\u00e4tze zu KI, Training und Urheberrecht: Gema und OpenAI (Deutschland) versus Getty Images und Stability AI (England)<\/a>\n\t\t\t\t\t\t\t\t\t<\/li>\n\t\t\t\t\t\t\t\t\t\t\t<li>\n\t\t\t\t\t<a href=\"https:\/\/www.kubiack.com\/de\/generative-ki-vor-gericht-teil-2\/\">Generative KI vor Gericht \u2013 Teil 2<\/a>\n\t\t\t\t\t\t\t\t\t<\/li>\n\t\t\t\t\t\t\t\t\t\t\t<li>\n\t\t\t\t\t<a href=\"https:\/\/www.kubiack.com\/de\/apple-der-app-store-und-das-uk-wettbewerbsrecht-kent-v-apple-2025-cat-67\/\">Apple, der App Store und das UK Wettbewerbsrecht: Kent v Apple [2025] CAT 67<\/a>\n\t\t\t\t\t\t\t\t\t<\/li>\n\t\t\t\t\t<\/ul>\n\n\t\t<\/nav>\t\t\t\t<\/div>\n\t\t\t\t<\/div>\n\t\t\t\t<\/div>\n\t\t\t\t\t<\/div>\n\t\t\t\t<\/div>\n\t\t<div class=\"elementor-element elementor-element-fa7bb93 e-flex e-con-boxed e-con e-parent\" data-id=\"fa7bb93\" data-element_type=\"container\" data-e-type=\"container\" data-settings=\"{&quot;background_background&quot;:&quot;classic&quot;}\">\n\t\t\t\t\t<div class=\"e-con-inner\">\n\t\t\t\t\t<\/div>\n\t\t\t\t<\/div>\n\t\t\t\t<\/div>\n\t\t ","protected":false},"excerpt":{"rendered":"<p>Legal Radar: EU Legal &amp; Compliance Risk Monitoring Legal Radar: EU Legal &amp; Risk Monitoring The legal framework governing technology and digital markets within the European Union is undergoing constant and significant development. Legislative initiatives, regulatory guidelines, and judicial decisions are introduced with increasing frequency, each carrying the potential to materially affect business operations and [&hellip;]<\/p>\n","protected":false},"author":2,"featured_media":0,"parent":0,"menu_order":0,"comment_status":"closed","ping_status":"closed","template":"","meta":{"footnotes":""},"class_list":["post-3394","page","type-page","status-publish","hentry"],"yoast_head":"<!-- This site is optimized with the Yoast SEO plugin v27.3 - https:\/\/yoast.com\/product\/yoast-seo-wordpress\/ -->\n<title>Legal Radar: EU-Rechts- &amp; Risiko-Monitoring<\/title>\n<meta name=\"robots\" content=\"index, follow, max-snippet:-1, max-image-preview:large, max-video-preview:-1\" \/>\n<meta property=\"og:locale\" content=\"de_DE\" \/>\n<meta property=\"og:type\" content=\"article\" \/>\n<meta property=\"og:title\" content=\"Legal Radar: EU-Rechts- &amp; Risiko-Monitoring\" \/>\n<meta property=\"og:url\" content=\"https:\/\/www.kubiack.com\/de\/legal-radar-eu-rechts-risiko-monitoring\/\" \/>\n<meta property=\"og:site_name\" content=\"Kubiack Law\" \/>\n<meta property=\"article:modified_time\" content=\"2025-08-28T11:22:28+00:00\" \/>\n<meta name=\"twitter:card\" content=\"summary_large_image\" \/>\n<meta name=\"twitter:label1\" content=\"Gesch\u00e4tzte Lesezeit\" \/>\n\t<meta name=\"twitter:data1\" content=\"1\u00a0Minute\" \/>\n<script type=\"application\/ld+json\" class=\"yoast-schema-graph\">{\"@context\":\"https:\\\/\\\/schema.org\",\"@graph\":[{\"@type\":\"WebPage\",\"@id\":\"https:\\\/\\\/www.kubiack.com\\\/de\\\/legal-radar-eu-rechts-risiko-monitoring\\\/\",\"url\":\"https:\\\/\\\/www.kubiack.com\\\/de\\\/legal-radar-eu-rechts-risiko-monitoring\\\/\",\"name\":\"Legal Radar: EU Legal & Compliance Risk Monitoring - Kubiack Law\",\"isPartOf\":{\"@id\":\"https:\\\/\\\/www.kubiack.com\\\/#website\"},\"datePublished\":\"2025-08-26T15:04:12+00:00\",\"dateModified\":\"2025-08-28T11:22:28+00:00\",\"breadcrumb\":{\"@id\":\"https:\\\/\\\/www.kubiack.com\\\/de\\\/legal-radar-eu-rechts-risiko-monitoring\\\/#breadcrumb\"},\"inLanguage\":\"de\",\"potentialAction\":[{\"@type\":\"ReadAction\",\"target\":[\"https:\\\/\\\/www.kubiack.com\\\/de\\\/legal-radar-eu-rechts-risiko-monitoring\\\/\"]}]},{\"@type\":\"BreadcrumbList\",\"@id\":\"https:\\\/\\\/www.kubiack.com\\\/de\\\/legal-radar-eu-rechts-risiko-monitoring\\\/#breadcrumb\",\"itemListElement\":[{\"@type\":\"ListItem\",\"position\":1,\"name\":\"Home\",\"item\":\"https:\\\/\\\/www.kubiack.com\\\/\"},{\"@type\":\"ListItem\",\"position\":2,\"name\":\"Legal Radar: EU-Rechts- & Risiko-Monitoring\"}]},{\"@type\":\"WebSite\",\"@id\":\"https:\\\/\\\/www.kubiack.com\\\/de\\\/#website\",\"url\":\"https:\\\/\\\/www.kubiack.com\\\/de\\\/\",\"name\":\"Kubiack Law\",\"description\":\"We are guiding technology companies to launch, scale and operate lawfully across the European Single Market\",\"publisher\":{\"@id\":\"https:\\\/\\\/www.kubiack.com\\\/de\\\/#organization\"},\"potentialAction\":[{\"@type\":\"SearchAction\",\"target\":{\"@type\":\"EntryPoint\",\"urlTemplate\":\"https:\\\/\\\/www.kubiack.com\\\/de\\\/?s={search_term_string}\"},\"query-input\":{\"@type\":\"PropertyValueSpecification\",\"valueRequired\":true,\"valueName\":\"search_term_string\"}}],\"inLanguage\":\"de\"},{\"@type\":\"Organization\",\"@id\":\"https:\\\/\\\/www.kubiack.com\\\/de\\\/#organization\",\"name\":\"Kubiack Law\",\"url\":\"https:\\\/\\\/www.kubiack.com\\\/de\\\/\",\"logo\":{\"@type\":\"ImageObject\",\"inLanguage\":\"de\",\"@id\":\"https:\\\/\\\/www.kubiack.com\\\/de\\\/#\\\/schema\\\/logo\\\/image\\\/\",\"url\":\"https:\\\/\\\/www.kubiack.com\\\/wp-content\\\/uploads\\\/2025\\\/02\\\/Kubiack-Technology-legal-consulting-law-european-union-e1740494325494.png\",\"contentUrl\":\"https:\\\/\\\/www.kubiack.com\\\/wp-content\\\/uploads\\\/2025\\\/02\\\/Kubiack-Technology-legal-consulting-law-european-union-e1740494325494.png\",\"width\":291,\"height\":77,\"caption\":\"Kubiack Law\"},\"image\":{\"@id\":\"https:\\\/\\\/www.kubiack.com\\\/de\\\/#\\\/schema\\\/logo\\\/image\\\/\"},\"sameAs\":[\"https:\\\/\\\/www.linkedin.com\\\/company\\\/kubiack-law\\\/\"]}]}<\/script>\n<!-- \/ Yoast SEO plugin. -->","yoast_head_json":{"title":"Legal Radar: EU-Rechts- & Risiko-Monitoring","robots":{"index":"index","follow":"follow","max-snippet":"max-snippet:-1","max-image-preview":"max-image-preview:large","max-video-preview":"max-video-preview:-1"},"og_locale":"de_DE","og_type":"article","og_title":"Legal Radar: EU-Rechts- & Risiko-Monitoring","og_url":"https:\/\/www.kubiack.com\/de\/legal-radar-eu-rechts-risiko-monitoring\/","og_site_name":"Kubiack Law","article_modified_time":"2025-08-28T11:22:28+00:00","twitter_card":"summary_large_image","twitter_misc":{"Gesch\u00e4tzte Lesezeit":"1\u00a0Minute"},"schema":{"@context":"https:\/\/schema.org","@graph":[{"@type":"WebPage","@id":"https:\/\/www.kubiack.com\/de\/legal-radar-eu-rechts-risiko-monitoring\/","url":"https:\/\/www.kubiack.com\/de\/legal-radar-eu-rechts-risiko-monitoring\/","name":"Legal Radar: EU Legal & Compliance Risk Monitoring - Kubiack Law","isPartOf":{"@id":"https:\/\/www.kubiack.com\/#website"},"datePublished":"2025-08-26T15:04:12+00:00","dateModified":"2025-08-28T11:22:28+00:00","breadcrumb":{"@id":"https:\/\/www.kubiack.com\/de\/legal-radar-eu-rechts-risiko-monitoring\/#breadcrumb"},"inLanguage":"de","potentialAction":[{"@type":"ReadAction","target":["https:\/\/www.kubiack.com\/de\/legal-radar-eu-rechts-risiko-monitoring\/"]}]},{"@type":"BreadcrumbList","@id":"https:\/\/www.kubiack.com\/de\/legal-radar-eu-rechts-risiko-monitoring\/#breadcrumb","itemListElement":[{"@type":"ListItem","position":1,"name":"Home","item":"https:\/\/www.kubiack.com\/"},{"@type":"ListItem","position":2,"name":"Legal Radar: EU-Rechts- & Risiko-Monitoring"}]},{"@type":"WebSite","@id":"https:\/\/www.kubiack.com\/de\/#website","url":"https:\/\/www.kubiack.com\/de\/","name":"Kubiack Law","description":"We are guiding technology companies to launch, scale and operate lawfully across the European Single Market","publisher":{"@id":"https:\/\/www.kubiack.com\/de\/#organization"},"potentialAction":[{"@type":"SearchAction","target":{"@type":"EntryPoint","urlTemplate":"https:\/\/www.kubiack.com\/de\/?s={search_term_string}"},"query-input":{"@type":"PropertyValueSpecification","valueRequired":true,"valueName":"search_term_string"}}],"inLanguage":"de"},{"@type":"Organization","@id":"https:\/\/www.kubiack.com\/de\/#organization","name":"Kubiack Law","url":"https:\/\/www.kubiack.com\/de\/","logo":{"@type":"ImageObject","inLanguage":"de","@id":"https:\/\/www.kubiack.com\/de\/#\/schema\/logo\/image\/","url":"https:\/\/www.kubiack.com\/wp-content\/uploads\/2025\/02\/Kubiack-Technology-legal-consulting-law-european-union-e1740494325494.png","contentUrl":"https:\/\/www.kubiack.com\/wp-content\/uploads\/2025\/02\/Kubiack-Technology-legal-consulting-law-european-union-e1740494325494.png","width":291,"height":77,"caption":"Kubiack Law"},"image":{"@id":"https:\/\/www.kubiack.com\/de\/#\/schema\/logo\/image\/"},"sameAs":["https:\/\/www.linkedin.com\/company\/kubiack-law\/"]}]}},"_links":{"self":[{"href":"https:\/\/www.kubiack.com\/de\/wp-json\/wp\/v2\/pages\/3394","targetHints":{"allow":["GET"]}}],"collection":[{"href":"https:\/\/www.kubiack.com\/de\/wp-json\/wp\/v2\/pages"}],"about":[{"href":"https:\/\/www.kubiack.com\/de\/wp-json\/wp\/v2\/types\/page"}],"author":[{"embeddable":true,"href":"https:\/\/www.kubiack.com\/de\/wp-json\/wp\/v2\/users\/2"}],"replies":[{"embeddable":true,"href":"https:\/\/www.kubiack.com\/de\/wp-json\/wp\/v2\/comments?post=3394"}],"version-history":[{"count":138,"href":"https:\/\/www.kubiack.com\/de\/wp-json\/wp\/v2\/pages\/3394\/revisions"}],"predecessor-version":[{"id":3639,"href":"https:\/\/www.kubiack.com\/de\/wp-json\/wp\/v2\/pages\/3394\/revisions\/3639"}],"wp:attachment":[{"href":"https:\/\/www.kubiack.com\/de\/wp-json\/wp\/v2\/media?parent=3394"}],"curies":[{"name":"wp","href":"https:\/\/api.w.org\/{rel}","templated":true}]}}